{"id":2903,"date":"2024-05-17T12:41:21","date_gmt":"2024-05-17T12:41:21","guid":{"rendered":"https:\/\/help.buero365.cloudmeshsolutions.com\/?page_id=2903"},"modified":"2024-06-10T12:36:39","modified_gmt":"2024-06-10T12:36:39","slug":"module-de-tableau-de-bord","status":"publish","type":"page","link":"https:\/\/help.buero-365.com\/fr\/dashboard-module\/","title":{"rendered":"Module tableau de bord"},"content":{"rendered":"<div data-elementor-type=\"wp-page\" data-elementor-id=\"2903\" class=\"elementor elementor-2903\" data-elementor-post-type=\"page\">\n\t\t\t\t\t\t<section class=\"elementor-section elementor-top-section elementor-element elementor-element-28f0d0d elementor-section-boxed elementor-section-height-default elementor-section-height-default\" data-id=\"28f0d0d\" data-element_type=\"section\" data-e-type=\"section\">\n\t\t\t\t\t\t<div class=\"elementor-container elementor-column-gap-default\">\n\t\t\t\t\t<div class=\"elementor-column elementor-col-50 elementor-top-column elementor-element elementor-element-0da9798\" data-id=\"0da9798\" data-element_type=\"column\" data-e-type=\"column\">\n\t\t\t<div class=\"elementor-widget-wrap elementor-element-populated\">\n\t\t\t\t\t\t<div class=\"elementor-element elementor-element-94a27b6 elementor-align-left elementor-widget elementor-widget-breadcrumbs\" data-id=\"94a27b6\" data-element_type=\"widget\" data-e-type=\"widget\" data-widget_type=\"breadcrumbs.default\">\n\t\t\t\t<div class=\"elementor-widget-container\">\n\t\t\t\t\t<p id=\"breadcrumbs\"><span><span><a href=\"https:\/\/help.buero-365.com\/fr\/\">Accueil<\/a><\/span><\/span><\/p>\t\t\t\t<\/div>\n\t\t\t\t<\/div>\n\t\t\t\t\t<\/div>\n\t\t<\/div>\n\t\t\t\t<div class=\"elementor-column elementor-col-50 elementor-top-column elementor-element elementor-element-ffe0a8c\" data-id=\"ffe0a8c\" data-element_type=\"column\" data-e-type=\"column\">\n\t\t\t<div class=\"elementor-widget-wrap elementor-element-populated\">\n\t\t\t\t\t\t<div class=\"elementor-element elementor-element-e58fd91 elementor-search-form--skin-minimal elementor-widget elementor-widget-search-form\" data-id=\"e58fd91\" data-element_type=\"widget\" data-e-type=\"widget\" data-settings=\"{&quot;skin&quot;:&quot;minimal&quot;}\" data-widget_type=\"search-form.default\">\n\t\t\t\t<div class=\"elementor-widget-container\">\n\t\t\t\t\t\t\t<search role=\"search\">\n\t\t\t<form class=\"elementor-search-form\" action=\"https:\/\/help.buero-365.com\/fr\/\" method=\"get\" data-trp-original-action=\"https:\/\/help.buero-365.com\/fr\">\n\t\t\t\t\t\t\t\t\t\t\t\t<div class=\"elementor-search-form__container\">\n\t\t\t\t\t<label class=\"elementor-screen-only\" for=\"elementor-search-form-e58fd91\">Rechercher <\/label>\n\n\t\t\t\t\t\t\t\t\t\t\t<div class=\"elementor-search-form__icon\">\n\t\t\t\t\t\t\t<div class=\"e-font-icon-svg-container\"><svg aria-hidden=\"true\" class=\"e-font-icon-svg e-fas-search\" viewbox=\"0 0 512 512\" xmlns=\"http:\/\/www.w3.org\/2000\/svg\"><path d=\"M505 442.7L405.3 343c-4.5-4.5-10.6-7-17-7H372c27.6-35.3 44-79.7 44-128C416 93.1 322.9 0 208 0S0 93.1 0 208s93.1 208 208 208c48.3 0 92.7-16.4 128-44v16.3c0 6.4 2.5 12.5 7 17l99.7 99.7c9.4 9.4 24.6 9.4 33.9 0l28.3-28.3c9.4-9.4 9.4-24.6.1-34zM208 336c-70.7 0-128-57.2-128-128 0-70.7 57.2-128 128-128 70.7 0 128 57.2 128 128 0 70.7-57.2 128-128 128z\"><\/path><\/svg><\/div>\t\t\t\t\t\t\t<span class=\"elementor-screen-only\">Rechercher <\/span>\n\t\t\t\t\t\t<\/div>\n\t\t\t\t\t\n\t\t\t\t\t<input id=\"elementor-search-form-e58fd91\" placeholder=\"Aide \u00e0 la recherche\" class=\"elementor-search-form__input\" type=\"search\" name=\"s\" value=\"\">\n\t\t\t\t\t\n\t\t\t\t\t\n\t\t\t\t\t\t\t\t\t<\/div>\n\t\t\t<input type=\"hidden\" name=\"trp-form-language\" value=\"fr\"\/><\/form>\n\t\t<\/search>\n\t\t\t\t\t\t<\/div>\n\t\t\t\t<\/div>\n\t\t\t\t\t<\/div>\n\t\t<\/div>\n\t\t\t\t\t<\/div>\n\t\t<\/section>\n\t\t\t\t<section class=\"elementor-section elementor-top-section elementor-element elementor-element-98b541a elementor-section-boxed elementor-section-height-default elementor-section-height-default\" data-id=\"98b541a\" data-element_type=\"section\" data-e-type=\"section\">\n\t\t\t\t\t\t<div class=\"elementor-container elementor-column-gap-wider\">\n\t\t\t\t\t<div class=\"elementor-column elementor-col-100 elementor-top-column elementor-element elementor-element-37d7e04\" data-id=\"37d7e04\" data-element_type=\"column\" data-e-type=\"column\">\n\t\t\t<div class=\"elementor-widget-wrap elementor-element-populated\">\n\t\t\t\t\t\t<section class=\"elementor-section elementor-inner-section elementor-element elementor-element-6ce2378 elementor-section-boxed elementor-section-height-default elementor-section-height-default\" data-id=\"6ce2378\" data-element_type=\"section\" data-e-type=\"section\">\n\t\t\t\t\t\t<div class=\"elementor-container elementor-column-gap-default\">\n\t\t\t\t\t<div class=\"elementor-column elementor-col-100 elementor-inner-column elementor-element elementor-element-4a57842\" data-id=\"4a57842\" data-element_type=\"column\" data-e-type=\"column\">\n\t\t\t<div class=\"elementor-widget-wrap elementor-element-populated\">\n\t\t\t\t\t\t<div class=\"elementor-element elementor-element-7c5b54b elementor-widget elementor-widget-heading\" data-id=\"7c5b54b\" data-element_type=\"widget\" data-e-type=\"widget\" data-widget_type=\"heading.default\">\n\t\t\t\t<div class=\"elementor-widget-container\">\n\t\t\t\t\t<h2 class=\"elementor-heading-title elementor-size-default\">Module tableau de bord<\/h2>\t\t\t\t<\/div>\n\t\t\t\t<\/div>\n\t\t\t\t<div class=\"elementor-element elementor-element-697c88b elementor-widget elementor-widget-elementskit-simple-tab\" data-id=\"697c88b\" data-element_type=\"widget\" data-e-type=\"widget\" data-widget_type=\"elementskit-simple-tab.default\">\n\t\t\t\t<div class=\"elementor-widget-container\">\n\t\t\t\t\t<div class=\"ekit-wid-con\" >        <div class=\"elementkit-tab-wraper vertical  elementskit-fitcontent-tab\">\n            <ul class=\"nav nav-tabs elementkit-tab-nav\">\n                                    <li class=\"elementkit-nav-item elementor-repeater-item-10234ea\">\n                        <a class=\"elementkit-nav-link  active show top-pos\" id=\"content-10234ea69dd43509bee2-tab\" data-ekit-handler-id=\"access-dashboard-module\" data-ekit-toggle=\"tab\" data-target=\"#content-10234ea69dd43509bee2\" href=\"#Content-10234ea69dd43509bee2\"\n                            data-ekit-toggle-trigger=\"click\"\n                            aria-describedby=\"Content-10234ea69dd43509bee2\">\n                                                        <span class=\"elementskit-tab-title\">Module d'acc\u00e8s au tableau de bord<\/span>\n                        <\/a>\n                    <\/li>\n                                        <li class=\"elementkit-nav-item elementor-repeater-item-08ca34f\">\n                        <a class=\"elementkit-nav-link  top-pos\" id=\"content-08ca34f69dd43509bee2-tab\" data-ekit-handler-id=\"performance-indicators\" data-ekit-toggle=\"tab\" data-target=\"#content-08ca34f69dd43509bee2\" href=\"#Content-08ca34f69dd43509bee2\"\n                            data-ekit-toggle-trigger=\"click\"\n                            aria-describedby=\"Content-08ca34f69dd43509bee2\">\n                                                        <span class=\"elementskit-tab-title\">Indicateurs de performance<\/span>\n                        <\/a>\n                    <\/li>\n                                <\/ul>\n\n            <div class=\"tab-content elementkit-tab-content\">\n                                    <div class=\"tab-pane elementkit-tab-pane elementor-repeater-item-10234ea  active show\" id=\"content-10234ea69dd43509bee2\" role=\"tabpanel\"\n                         aria-labelledby=\"content-10234ea69dd43509bee2-tab\">\n                        <div class=\"animated fadeIn\">\n                            <p><strong>Comment naviguer dans le module du tableau de bord :<\/strong><\/p><p>Lorsque vous vous connectez \u00e0 Buro, de nombreuses sections s'affichent. Cliquez sur \"Tableau de bord\" pour obtenir une vue d'ensemble des donn\u00e9es graphiques relatives aux prospects, aux offres, aux contrats, aux ventes, aux suivis, aux activit\u00e9s et aux sources de prospects.<\/p><p><br \/><strong>Aper\u00e7u du tableau de bord :<\/strong><\/p><p>Le tableau de bord sert d'\u00e9cran d'accueil, donnant un aper\u00e7u rapide des mesures cl\u00e9s et permettant d'acc\u00e9der aux principales fonctionnalit\u00e9s du logiciel. En se connectant, les utilisateurs verront les r\u00e9sum\u00e9s des donn\u00e9es les plus pertinentes, y compris les chiffres et les indicateurs de performance.<\/p>                        <\/div>\n                    <\/div>\n                                    <div class=\"tab-pane elementkit-tab-pane elementor-repeater-item-08ca34f\" id=\"content-08ca34f69dd43509bee2\" role=\"tabpanel\"\n                         aria-labelledby=\"content-08ca34f69dd43509bee2-tab\">\n                        <div class=\"animated fadeIn\">\n                            <p><strong>Pistes :<\/strong><\/p><ul><li>Affiche le nombre total de pistes.<\/li><li>Affiche le nombre actuel de prospects et le pourcentage de changement par rapport \u00e0 l'ann\u00e9e pr\u00e9c\u00e9dente.<\/li><\/ul><p><strong>p\u00e9riode.Offres :<\/strong><\/p><ul><li>Affiche le nombre d'offres cr\u00e9\u00e9es.<\/li><li>Offre de pistes et leur pourcentage d'augmentation ou de diminution.<\/li><\/ul><p><strong>Contrats :<\/strong><\/p><ul><li>Compte le nombre de contrats.<\/li><li>Indique l'\u00e9tat du contrat et le pourcentage de variation.<\/li><\/ul><p><strong>Ventes :<\/strong><\/p><ul><li>Mesure la performance des ventes.<\/li><li>Pr\u00e9sente les chiffres de vente avec une ligne de tendance pour une analyse rapide.<\/li><\/ul><p><strong>Flux d'activit\u00e9 :<\/strong><\/p><ul><li>Tenir les utilisateurs au courant des activit\u00e9s et des t\u00e2ches r\u00e9centes.<\/li><li>Une vue en liste qui se met \u00e0 jour dynamiquement avec les derni\u00e8res actions entreprises par les utilisateurs ou les notifications du syst\u00e8me.<\/li><\/ul><p><strong>Tableau des sources de leads :<\/strong><\/p><ul><li>Repr\u00e9sentation visuelle de la provenance des prospects.<\/li><li>Un diagramme circulaire pr\u00e9sente le pourcentage de prospects g\u00e9n\u00e9r\u00e9s \u00e0 partir de diff\u00e9rentes sources.<\/li><\/ul><p><strong>R\u00e9glage de l'heure et de la langue<\/strong>:<\/p><p>Permet aux utilisateurs de personnaliser l'affichage de leur tableau de bord en fonction de la p\u00e9riode et des pr\u00e9f\u00e9rences linguistiques.<\/p>                        <\/div>\n                    <\/div>\n                                \n            <\/div>\n                    <\/div>\n    <\/div>\t\t\t\t<\/div>\n\t\t\t\t<\/div>\n\t\t\t\t\t<\/div>\n\t\t<\/div>\n\t\t\t\t\t<\/div>\n\t\t<\/section>\n\t\t\t\t\t<\/div>\n\t\t<\/div>\n\t\t\t\t\t<\/div>\n\t\t<\/section>\n\t\t\t\t<\/div>","protected":false},"excerpt":{"rendered":"<p>Dashboard Module Access Dashboard Module Performance Indicators How to navigate to the dashboard module: When you log in to Buro, many sections are displayed. Click on &#8216;Dashboard&#8217; to see an overview of Leads, Offers, Contracts, Sales, Follow-ups, Activities, and Lead Sources chart data. Dashboard Overview: The Dashboard serves as the home screen, giving a quick [&hellip;]<\/p>\n","protected":false},"author":2,"featured_media":0,"parent":0,"menu_order":0,"comment_status":"closed","ping_status":"closed","template":"","meta":{"footnotes":""},"class_list":["post-2903","page","type-page","status-publish","hentry"],"yoast_head":"<!-- This site is optimized with the Yoast SEO plugin v27.3 - https:\/\/yoast.com\/product\/yoast-seo-wordpress\/ -->\n<title>Dashboard Module - Buero-365 Help Center<\/title>\n<meta name=\"robots\" content=\"noindex, follow\" \/>\n<meta property=\"og:locale\" content=\"fr_FR\" \/>\n<meta property=\"og:type\" content=\"article\" \/>\n<meta property=\"og:title\" content=\"Dashboard Module - Buero-365 Help Center\" \/>\n<meta property=\"og:description\" content=\"Dashboard Module Access Dashboard Module Performance Indicators How to navigate to the dashboard module: When you log in to Buro, many sections are displayed. Click on &#8216;Dashboard&#8217; to see an overview of Leads, Offers, Contracts, Sales, Follow-ups, Activities, and Lead Sources chart data. Dashboard Overview: The Dashboard serves as the home screen, giving a quick [&hellip;]\" \/>\n<meta property=\"og:url\" content=\"https:\/\/help.buero-365.com\/fr\/module-de-tableau-de-bord\/\" \/>\n<meta property=\"og:site_name\" content=\"Buero-365 Help Center\" \/>\n<meta property=\"article:modified_time\" content=\"2024-06-10T12:36:39+00:00\" \/>\n<meta name=\"twitter:card\" content=\"summary_large_image\" \/>\n<meta name=\"twitter:label1\" content=\"Dur\u00e9e de lecture estim\u00e9e\" \/>\n\t<meta name=\"twitter:data1\" content=\"1 minute\" \/>\n<script type=\"application\/ld+json\" class=\"yoast-schema-graph\">{\"@context\":\"https:\\\/\\\/schema.org\",\"@graph\":[{\"@type\":\"WebPage\",\"@id\":\"https:\\\/\\\/help.buero-365.com\\\/dashboard-module\\\/\",\"url\":\"https:\\\/\\\/help.buero-365.com\\\/dashboard-module\\\/\",\"name\":\"Dashboard Module - Buero-365 Help Center\",\"isPartOf\":{\"@id\":\"https:\\\/\\\/help.buero-365.com\\\/#website\"},\"datePublished\":\"2024-05-17T12:41:21+00:00\",\"dateModified\":\"2024-06-10T12:36:39+00:00\",\"breadcrumb\":{\"@id\":\"https:\\\/\\\/help.buero-365.com\\\/dashboard-module\\\/#breadcrumb\"},\"inLanguage\":\"fr-FR\",\"potentialAction\":[{\"@type\":\"ReadAction\",\"target\":[\"https:\\\/\\\/help.buero-365.com\\\/dashboard-module\\\/\"]}]},{\"@type\":\"BreadcrumbList\",\"@id\":\"https:\\\/\\\/help.buero-365.com\\\/dashboard-module\\\/#breadcrumb\",\"itemListElement\":[{\"@type\":\"ListItem\",\"position\":1,\"name\":\"Home\",\"item\":\"https:\\\/\\\/help.buero-365.com\\\/\"},{\"@type\":\"ListItem\",\"position\":2,\"name\":\"Dashboard Module\"}]},{\"@type\":\"WebSite\",\"@id\":\"https:\\\/\\\/help.buero-365.com\\\/#website\",\"url\":\"https:\\\/\\\/help.buero-365.com\\\/\",\"name\":\"Buero-365 Help Center\",\"description\":\"\",\"publisher\":{\"@id\":\"https:\\\/\\\/help.buero-365.com\\\/#organization\"},\"potentialAction\":[{\"@type\":\"SearchAction\",\"target\":{\"@type\":\"EntryPoint\",\"urlTemplate\":\"https:\\\/\\\/help.buero-365.com\\\/?s={search_term_string}\"},\"query-input\":{\"@type\":\"PropertyValueSpecification\",\"valueRequired\":true,\"valueName\":\"search_term_string\"}}],\"inLanguage\":\"fr-FR\"},{\"@type\":\"Organization\",\"@id\":\"https:\\\/\\\/help.buero-365.com\\\/#organization\",\"name\":\"Buero-365 Help Center\",\"url\":\"https:\\\/\\\/help.buero-365.com\\\/\",\"logo\":{\"@type\":\"ImageObject\",\"inLanguage\":\"fr-FR\",\"@id\":\"https:\\\/\\\/help.buero-365.com\\\/#\\\/schema\\\/logo\\\/image\\\/\",\"url\":\"https:\\\/\\\/help.buero-365.com\\\/wp-content\\\/uploads\\\/2024\\\/05\\\/cropped-logo-1.png\",\"contentUrl\":\"https:\\\/\\\/help.buero-365.com\\\/wp-content\\\/uploads\\\/2024\\\/05\\\/cropped-logo-1.png\",\"width\":1280,\"height\":395,\"caption\":\"Buero-365 Help Center\"},\"image\":{\"@id\":\"https:\\\/\\\/help.buero-365.com\\\/#\\\/schema\\\/logo\\\/image\\\/\"}}]}<\/script>\n<!-- \/ Yoast SEO plugin. -->","yoast_head_json":{"title":"Module tableau de bord - Centre d'aide Buero-365","robots":{"index":"noindex","follow":"follow"},"og_locale":"fr_FR","og_type":"article","og_title":"Dashboard Module - Buero-365 Help Center","og_description":"Dashboard Module Access Dashboard Module Performance Indicators How to navigate to the dashboard module: When you log in to Buro, many sections are displayed. Click on &#8216;Dashboard&#8217; to see an overview of Leads, Offers, Contracts, Sales, Follow-ups, Activities, and Lead Sources chart data. Dashboard Overview: The Dashboard serves as the home screen, giving a quick [&hellip;]","og_url":"https:\/\/help.buero-365.com\/fr\/module-de-tableau-de-bord\/","og_site_name":"Buero-365 Help Center","article_modified_time":"2024-06-10T12:36:39+00:00","twitter_card":"summary_large_image","twitter_misc":{"Dur\u00e9e de lecture estim\u00e9e":"1 minute"},"schema":{"@context":"https:\/\/schema.org","@graph":[{"@type":"WebPage","@id":"https:\/\/help.buero-365.com\/dashboard-module\/","url":"https:\/\/help.buero-365.com\/dashboard-module\/","name":"Module tableau de bord - Centre d'aide Buero-365","isPartOf":{"@id":"https:\/\/help.buero-365.com\/#website"},"datePublished":"2024-05-17T12:41:21+00:00","dateModified":"2024-06-10T12:36:39+00:00","breadcrumb":{"@id":"https:\/\/help.buero-365.com\/dashboard-module\/#breadcrumb"},"inLanguage":"fr-FR","potentialAction":[{"@type":"ReadAction","target":["https:\/\/help.buero-365.com\/dashboard-module\/"]}]},{"@type":"BreadcrumbList","@id":"https:\/\/help.buero-365.com\/dashboard-module\/#breadcrumb","itemListElement":[{"@type":"ListItem","position":1,"name":"Home","item":"https:\/\/help.buero-365.com\/"},{"@type":"ListItem","position":2,"name":"Dashboard Module"}]},{"@type":"WebSite","@id":"https:\/\/help.buero-365.com\/#website","url":"https:\/\/help.buero-365.com\/","name":"Centre d'aide Buero-365","description":"","publisher":{"@id":"https:\/\/help.buero-365.com\/#organization"},"potentialAction":[{"@type":"SearchAction","target":{"@type":"EntryPoint","urlTemplate":"https:\/\/help.buero-365.com\/?s={search_term_string}"},"query-input":{"@type":"PropertyValueSpecification","valueRequired":true,"valueName":"search_term_string"}}],"inLanguage":"fr-FR"},{"@type":"Organization","@id":"https:\/\/help.buero-365.com\/#organization","name":"Centre d'aide Buero-365","url":"https:\/\/help.buero-365.com\/","logo":{"@type":"ImageObject","inLanguage":"fr-FR","@id":"https:\/\/help.buero-365.com\/#\/schema\/logo\/image\/","url":"https:\/\/help.buero-365.com\/wp-content\/uploads\/2024\/05\/cropped-logo-1.png","contentUrl":"https:\/\/help.buero-365.com\/wp-content\/uploads\/2024\/05\/cropped-logo-1.png","width":1280,"height":395,"caption":"Buero-365 Help Center"},"image":{"@id":"https:\/\/help.buero-365.com\/#\/schema\/logo\/image\/"}}]}},"_links":{"self":[{"href":"https:\/\/help.buero-365.com\/fr\/wp-json\/wp\/v2\/pages\/2903","targetHints":{"allow":["GET"]}}],"collection":[{"href":"https:\/\/help.buero-365.com\/fr\/wp-json\/wp\/v2\/pages"}],"about":[{"href":"https:\/\/help.buero-365.com\/fr\/wp-json\/wp\/v2\/types\/page"}],"author":[{"embeddable":true,"href":"https:\/\/help.buero-365.com\/fr\/wp-json\/wp\/v2\/users\/2"}],"replies":[{"embeddable":true,"href":"https:\/\/help.buero-365.com\/fr\/wp-json\/wp\/v2\/comments?post=2903"}],"version-history":[{"count":31,"href":"https:\/\/help.buero-365.com\/fr\/wp-json\/wp\/v2\/pages\/2903\/revisions"}],"predecessor-version":[{"id":3775,"href":"https:\/\/help.buero-365.com\/fr\/wp-json\/wp\/v2\/pages\/2903\/revisions\/3775"}],"wp:attachment":[{"href":"https:\/\/help.buero-365.com\/fr\/wp-json\/wp\/v2\/media?parent=2903"}],"curies":[{"name":"wp","href":"https:\/\/api.w.org\/{rel}","templated":true}]}}