{"id":2901,"date":"2024-05-17T12:40:23","date_gmt":"2024-05-17T12:40:23","guid":{"rendered":"https:\/\/help.buero365.cloudmeshsolutions.com\/?page_id=2901"},"modified":"2024-06-10T12:35:27","modified_gmt":"2024-06-10T12:35:27","slug":"inhaltsmodul","status":"publish","type":"page","link":"https:\/\/help.buero-365.com\/de\/content-module\/","title":{"rendered":"Inhalt Modul"},"content":{"rendered":"<div data-elementor-type=\"wp-page\" data-elementor-id=\"2901\" class=\"elementor elementor-2901\" data-elementor-post-type=\"page\">\n\t\t\t\t\t\t<section class=\"elementor-section elementor-top-section elementor-element elementor-element-44fc7b2 elementor-section-boxed elementor-section-height-default elementor-section-height-default\" data-id=\"44fc7b2\" data-element_type=\"section\" data-e-type=\"section\">\n\t\t\t\t\t\t<div class=\"elementor-container elementor-column-gap-default\">\n\t\t\t\t\t<div class=\"elementor-column elementor-col-50 elementor-top-column elementor-element elementor-element-f1bb97a\" data-id=\"f1bb97a\" data-element_type=\"column\" data-e-type=\"column\">\n\t\t\t<div class=\"elementor-widget-wrap elementor-element-populated\">\n\t\t\t\t\t\t<div class=\"elementor-element elementor-element-8692aa4 elementor-align-left elementor-widget elementor-widget-breadcrumbs\" data-id=\"8692aa4\" data-element_type=\"widget\" data-e-type=\"widget\" data-widget_type=\"breadcrumbs.default\">\n\t\t\t\t<div class=\"elementor-widget-container\">\n\t\t\t\t\t<p id=\"breadcrumbs\"><span><span><a href=\"https:\/\/help.buero-365.com\/de\/\">Startseite<\/a><\/span><\/span><\/p>\t\t\t\t<\/div>\n\t\t\t\t<\/div>\n\t\t\t\t\t<\/div>\n\t\t<\/div>\n\t\t\t\t<div class=\"elementor-column elementor-col-50 elementor-top-column elementor-element elementor-element-5c592a5\" data-id=\"5c592a5\" data-element_type=\"column\" data-e-type=\"column\">\n\t\t\t<div class=\"elementor-widget-wrap elementor-element-populated\">\n\t\t\t\t\t\t<div class=\"elementor-element elementor-element-96d2309 elementor-search-form--skin-minimal elementor-widget elementor-widget-search-form\" data-id=\"96d2309\" data-element_type=\"widget\" data-e-type=\"widget\" data-settings=\"{&quot;skin&quot;:&quot;minimal&quot;}\" data-widget_type=\"search-form.default\">\n\t\t\t\t<div class=\"elementor-widget-container\">\n\t\t\t\t\t\t\t<search role=\"search\">\n\t\t\t<form class=\"elementor-search-form\" action=\"https:\/\/help.buero-365.com\/de\/\" method=\"get\" data-trp-original-action=\"https:\/\/help.buero-365.com\/de\">\n\t\t\t\t\t\t\t\t\t\t\t\t<div class=\"elementor-search-form__container\">\n\t\t\t\t\t<label class=\"elementor-screen-only\" for=\"elementor-search-form-96d2309\">Search<\/label>\n\n\t\t\t\t\t\t\t\t\t\t\t<div class=\"elementor-search-form__icon\">\n\t\t\t\t\t\t\t<div class=\"e-font-icon-svg-container\"><svg aria-hidden=\"true\" class=\"e-font-icon-svg e-fas-search\" viewbox=\"0 0 512 512\" xmlns=\"http:\/\/www.w3.org\/2000\/svg\"><path d=\"M505 442.7L405.3 343c-4.5-4.5-10.6-7-17-7H372c27.6-35.3 44-79.7 44-128C416 93.1 322.9 0 208 0S0 93.1 0 208s93.1 208 208 208c48.3 0 92.7-16.4 128-44v16.3c0 6.4 2.5 12.5 7 17l99.7 99.7c9.4 9.4 24.6 9.4 33.9 0l28.3-28.3c9.4-9.4 9.4-24.6.1-34zM208 336c-70.7 0-128-57.2-128-128 0-70.7 57.2-128 128-128 70.7 0 128 57.2 128 128 0 70.7-57.2 128-128 128z\"><\/path><\/svg><\/div>\t\t\t\t\t\t\t<span class=\"elementor-screen-only\">Search<\/span>\n\t\t\t\t\t\t<\/div>\n\t\t\t\t\t\n\t\t\t\t\t<input id=\"elementor-search-form-96d2309\" placeholder=\"Hilfe zur Suche\" class=\"elementor-search-form__input\" type=\"search\" name=\"s\" value=\"\">\n\t\t\t\t\t\n\t\t\t\t\t\n\t\t\t\t\t\t\t\t\t<\/div>\n\t\t\t<input type=\"hidden\" name=\"trp-form-language\" value=\"de\"\/><\/form>\n\t\t<\/search>\n\t\t\t\t\t\t<\/div>\n\t\t\t\t<\/div>\n\t\t\t\t\t<\/div>\n\t\t<\/div>\n\t\t\t\t\t<\/div>\n\t\t<\/section>\n\t\t\t\t<section class=\"elementor-section elementor-top-section elementor-element elementor-element-6154bb6 elementor-section-boxed elementor-section-height-default elementor-section-height-default\" data-id=\"6154bb6\" data-element_type=\"section\" data-e-type=\"section\">\n\t\t\t\t\t\t<div class=\"elementor-container elementor-column-gap-default\">\n\t\t\t\t\t<div class=\"elementor-column elementor-col-100 elementor-top-column elementor-element elementor-element-f0ce348\" data-id=\"f0ce348\" data-element_type=\"column\" data-e-type=\"column\">\n\t\t\t<div class=\"elementor-widget-wrap elementor-element-populated\">\n\t\t\t\t\t\t<section class=\"elementor-section elementor-inner-section elementor-element elementor-element-906a19d elementor-section-boxed elementor-section-height-default elementor-section-height-default\" data-id=\"906a19d\" data-element_type=\"section\" data-e-type=\"section\">\n\t\t\t\t\t\t<div class=\"elementor-container elementor-column-gap-default\">\n\t\t\t\t\t<div class=\"elementor-column elementor-col-100 elementor-inner-column elementor-element elementor-element-01c9614\" data-id=\"01c9614\" data-element_type=\"column\" data-e-type=\"column\">\n\t\t\t<div class=\"elementor-widget-wrap elementor-element-populated\">\n\t\t\t\t\t\t<div class=\"elementor-element elementor-element-9b62761 elementor-widget elementor-widget-heading\" data-id=\"9b62761\" data-element_type=\"widget\" data-e-type=\"widget\" data-widget_type=\"heading.default\">\n\t\t\t\t<div class=\"elementor-widget-container\">\n\t\t\t\t\t<h2 class=\"elementor-heading-title elementor-size-default\">Inhalt Modul<\/h2>\t\t\t\t<\/div>\n\t\t\t\t<\/div>\n\t\t\t\t<div class=\"elementor-element elementor-element-bf65ec4 elementor-widget elementor-widget-elementskit-simple-tab\" data-id=\"bf65ec4\" data-element_type=\"widget\" data-e-type=\"widget\" data-widget_type=\"elementskit-simple-tab.default\">\n\t\t\t\t<div class=\"elementor-widget-container\">\n\t\t\t\t\t<div class=\"ekit-wid-con\" >        <div class=\"elementkit-tab-wraper vertical  elementskit-fitcontent-tab\">\n            <ul class=\"nav nav-tabs elementkit-tab-nav\">\n                                    <li class=\"elementkit-nav-item elementor-repeater-item-10234ea\">\n                        <a class=\"elementkit-nav-link  active show top-pos\" id=\"content-10234ea69dd3ece6b0f1-tab\" data-ekit-handler-id=\"access-content-module\" data-ekit-toggle=\"tab\" data-target=\"#content-10234ea69dd3ece6b0f1\" href=\"#Content-10234ea69dd3ece6b0f1\"\n                            data-ekit-toggle-trigger=\"click\"\n                            aria-describedby=\"Content-10234ea69dd3ece6b0f1\">\n                                                        <span class=\"elementskit-tab-title\">Zugang zum Inhaltsmodul<\/span>\n                        <\/a>\n                    <\/li>\n                                        <li class=\"elementkit-nav-item elementor-repeater-item-0d94a1c\">\n                        <a class=\"elementkit-nav-link  top-pos\" id=\"content-0d94a1c69dd3ece6b0f1-tab\" data-ekit-handler-id=\"edit-existing-content\" data-ekit-toggle=\"tab\" data-target=\"#content-0d94a1c69dd3ece6b0f1\" href=\"#Content-0d94a1c69dd3ece6b0f1\"\n                            data-ekit-toggle-trigger=\"click\"\n                            aria-describedby=\"Content-0d94a1c69dd3ece6b0f1\">\n                                                        <span class=\"elementskit-tab-title\">Vorhandene Inhalte bearbeiten<\/span>\n                        <\/a>\n                    <\/li>\n                                        <li class=\"elementkit-nav-item elementor-repeater-item-44aa790\">\n                        <a class=\"elementkit-nav-link  top-pos\" id=\"content-44aa79069dd3ece6b0f1-tab\" data-ekit-handler-id=\"filters\" data-ekit-toggle=\"tab\" data-target=\"#content-44aa79069dd3ece6b0f1\" href=\"#Content-44aa79069dd3ece6b0f1\"\n                            data-ekit-toggle-trigger=\"click\"\n                            aria-describedby=\"Content-44aa79069dd3ece6b0f1\">\n                                                        <span class=\"elementskit-tab-title\">Filter<\/span>\n                        <\/a>\n                    <\/li>\n                                        <li class=\"elementkit-nav-item elementor-repeater-item-170f6f1\">\n                        <a class=\"elementkit-nav-link  top-pos\" id=\"content-170f6f169dd3ece6b0f1-tab\" data-ekit-handler-id=\"add-new-content\" data-ekit-toggle=\"tab\" data-target=\"#content-170f6f169dd3ece6b0f1\" href=\"#Content-170f6f169dd3ece6b0f1\"\n                            data-ekit-toggle-trigger=\"click\"\n                            aria-describedby=\"Content-170f6f169dd3ece6b0f1\">\n                                                        <span class=\"elementskit-tab-title\">Neue Inhalte hinzuf\u00fcgen<\/span>\n                        <\/a>\n                    <\/li>\n                                <\/ul>\n\n            <div class=\"tab-content elementkit-tab-content\">\n                                    <div class=\"tab-pane elementkit-tab-pane elementor-repeater-item-10234ea  active show\" id=\"content-10234ea69dd3ece6b0f1\" role=\"tabpanel\"\n                         aria-labelledby=\"content-10234ea69dd3ece6b0f1-tab\">\n                        <div class=\"animated fadeIn\">\n                            <p><strong>Zugang zum Inhaltsmodul<\/strong><\/p><ol><li>Melden Sie sich bei Ihrem B\u00fcro 365-Konto an.<\/li><li>Klicken Sie auf der linken Seite im Navigationsmen\u00fc auf die Registerkarte \"Inhalt\", um das Modul Inhalt zu \u00f6ffnen.<p><strong>Anzeigen der Inhaltsliste:<\/strong><\/p>\u2981 Im Hauptfenster wird eine Liste der Inhalte mit den Spalten ID, Name, Titel des Inhalts, Erstellt am und Bearbeiten angezeigt.<br \/>\u2981 Sie k\u00f6nnen die Details eines Inhalts anzeigen, indem Sie auf das Pfeilsymbol in der Spalte \"Bearbeiten\" klicken.<\/li><\/ol><p>\u00a0<br \/><img fetchpriority=\"high\" decoding=\"async\" class=\"\" src=\"https:\/\/help.buero-365.com\/wp-content\/uploads\/2024\/06\/Accessing-the-Content-Module.png\" width=\"967\" height=\"688\" \/><br \/><br \/><\/p>                        <\/div>\n                    <\/div>\n                                    <div class=\"tab-pane elementkit-tab-pane elementor-repeater-item-0d94a1c\" id=\"content-0d94a1c69dd3ece6b0f1\" role=\"tabpanel\"\n                         aria-labelledby=\"content-0d94a1c69dd3ece6b0f1-tab\">\n                        <div class=\"animated fadeIn\">\n                            <strong>Vorhandene Inhalte bearbeiten<\/strong>\n<ul>\n \t<li>Um einen Eintrag zu bearbeiten, klicken Sie auf das Pfeilsymbol in der Spalte Bearbeiten neben dem entsprechenden Inhalt.<\/li>\n \t<li>Aktualisieren Sie die Informationen in den vorgesehenen Feldern.<\/li>\n \t<li>Klicken Sie auf \"Speichern\", um die \u00c4nderungen zu \u00fcbernehmen.<\/li>\n<\/ul>\n<img decoding=\"async\" src=\"https:\/\/help.buero-365.com\/wp-content\/uploads\/2024\/06\/Editing-Existing-Content.png\" \/>                        <\/div>\n                    <\/div>\n                                    <div class=\"tab-pane elementkit-tab-pane elementor-repeater-item-44aa790\" id=\"content-44aa79069dd3ece6b0f1\" role=\"tabpanel\"\n                         aria-labelledby=\"content-44aa79069dd3ece6b0f1-tab\">\n                        <div class=\"animated fadeIn\">\n                            <p><strong>Suche nach Inhalten:<\/strong><\/p><ul><li>Um nach einem bestimmten Eintrag zu suchen, verwenden Sie die Suchleiste am oberen Rand.<\/li><li>Geben Sie ein Stichwort oder eine ID ein und dr\u00fccken Sie die Eingabetaste.<\/li><\/ul><p><br \/><strong>Inhalt sortieren:<\/strong><\/p><ul><li>Um die Inhaltsliste zu sortieren, verwenden Sie das Dropdown-Men\u00fc \"Sortieren nach\".<\/li><li>W\u00e4hlen Sie das Kriterium, nach dem Sie sortieren m\u00f6chten, z. B. Erstellt am oder Name.<\/li><\/ul>                        <\/div>\n                    <\/div>\n                                    <div class=\"tab-pane elementkit-tab-pane elementor-repeater-item-170f6f1\" id=\"content-170f6f169dd3ece6b0f1\" role=\"tabpanel\"\n                         aria-labelledby=\"content-170f6f169dd3ece6b0f1-tab\">\n                        <div class=\"animated fadeIn\">\n                            <p><strong>Neue Inhalte hinzuf\u00fcgen<\/strong><\/p><ul><li>Um neue Inhalte hinzuzuf\u00fcgen, klicken Sie auf die Schaltfl\u00e4che \"+ Neu hinzuf\u00fcgen\" in der oberen rechten Ecke.<\/li><li>Geben Sie die erforderlichen Angaben wie Name und Titel des Inhalts in die entsprechenden Felder ein.<\/li><li>Klicken Sie auf \"Speichern\", um den neuen Inhaltseintrag zu erstellen.<\/li><\/ul><p>\u00a0<\/p><p><img decoding=\"async\" src=\"https:\/\/help.buero-365.com\/wp-content\/uploads\/2024\/06\/add-new-content.jpg\" \/><\/p><p>\u00a0<\/p><p>\u00a0<\/p><p><strong>1. Inhalt anbieten<\/strong><\/p><ul><li>Sie sehen Felder f\u00fcr \"Inhaltsname\", \"Titel f\u00fcr das Angebot\", \"Angebotstitel\", \"Text f\u00fcr das Angebot\", \"Angebotsbeschreibung\" und \"E-Mail-Text\".<\/li><li>F\u00fcllen Sie jedes Feld mit den relevanten Informationen f\u00fcr Ihr Angebot aus.<\/li><li>Sie k\u00f6nnen den Text in der \"Angebotsbeschreibung\" und im \"E-Mail-Text\" mit Hilfe der Symbolleiste des Texteditors formatieren.<\/li><li>Verwenden Sie zum Anh\u00e4ngen von Dateien den Abschnitt \"Anh\u00e4nge\" am Ende der Seite. Unterst\u00fctzte Dateitypen sind JPG, PNG und GIF.<\/li><li>Wenn Sie alle Informationen eingegeben haben, klicken Sie auf \"Weiter\".<\/li><li>\u00a0<\/li><\/ul><p>\u00a0<\/p><p>\u00a0<\/p><p><img decoding=\"async\" src=\"https:\/\/help.buero-365.com\/wp-content\/uploads\/2024\/06\/Offer-Content.jpg\" \/><\/p><p>\u00a0<\/p><p><strong>2. Best\u00e4tigung des Inhalts<\/strong><\/p><p>\u00a0<\/p><ul><li>Dieser Abschnitt enth\u00e4lt Felder f\u00fcr \"Best\u00e4tigungstitel\", \"Best\u00e4tigungsbeschreibung\" und \"E-Mail-Text\".<\/li><li>Geben Sie die erforderlichen Details f\u00fcr die Best\u00e4tigungsnachricht ein, die Sie senden m\u00f6chten.<\/li><li>Verwenden Sie die Werkzeuge des Texteditors, um Ihren Inhalt nach Bedarf zu formatieren.<\/li><li>F\u00fcgen Sie alle relevanten Dateien in den Bereich \"Anh\u00e4nge\" ein.<\/li><li>Nachdem Sie die Angaben gemacht haben, klicken Sie auf \"Weiter\".<\/li><\/ul><p>\u00a0<\/p><p><strong>3. Inhalt der Rechnung<\/strong><\/p><p>\u00a0<\/p><ul><li>W\u00e4hlen Sie \"Rechnungsinhalt\" im Modul \"Inhalt\".<\/li><li>Hier finden Sie Felder f\u00fcr die Eingabe des \"Rechnungstitels\", der \"Rechnungsbeschreibung\" und des Inhalts f\u00fcr den \"E-Mail-Text\".<\/li><li>Geben Sie die Informationen ein, die in der zu erstellenden Rechnung enthalten sein sollen.<\/li><li>Sie k\u00f6nnen den Text formatieren und Dateien anh\u00e4ngen wie bei den vorherigen Schritten.<\/li><li>Wenn Sie fertig sind, klicken Sie auf \"Weiter\".<\/li><\/ul><p>\u00a0<\/p><p>\u00a0<\/p><p><img decoding=\"async\" src=\"https:\/\/help.buero-365.com\/wp-content\/uploads\/2024\/06\/Accessing-the-Content-Module.png\" \/><\/p><p>\u00a0<\/p><p>\u00a0<\/p><p><strong>4. Quittung Inhalt<\/strong><\/p><p>\u00a0<\/p><ul><li>\u00c4hnlich wie in den anderen Abschnitten sehen Sie Felder f\u00fcr \"Quittungstitel\", \"Quittungsbeschreibung\" und \"E-Mail-Text\".<\/li><li>Geben Sie die relevanten Belegdetails ein und formatieren Sie den Text wie gew\u00fcnscht.<\/li><li>F\u00fcgen Sie alle erforderlichen Dateien hinzu.<\/li><li>Um den Inhalt zu speichern, klicken Sie auf \"Speichern\".<\/li><\/ul><p>\u00a0<\/p><p>\u00a0<\/p><p><img decoding=\"async\" src=\"https:\/\/help.buero-365.com\/wp-content\/uploads\/2024\/06\/Receipt-Content.jpg\" \/><\/p>                        <\/div>\n                    <\/div>\n                                \n            <\/div>\n                    <\/div>\n    <\/div>\t\t\t\t<\/div>\n\t\t\t\t<\/div>\n\t\t\t\t\t<\/div>\n\t\t<\/div>\n\t\t\t\t\t<\/div>\n\t\t<\/section>\n\t\t\t\t\t<\/div>\n\t\t<\/div>\n\t\t\t\t\t<\/div>\n\t\t<\/section>\n\t\t\t\t<section class=\"elementor-section elementor-top-section elementor-element elementor-element-166c3ac elementor-hidden-mobile elementor-section-boxed elementor-section-height-default elementor-section-height-default\" data-id=\"166c3ac\" data-element_type=\"section\" data-e-type=\"section\">\n\t\t\t\t\t\t<div class=\"elementor-container elementor-column-gap-wider\">\n\t\t\t\t\t<div class=\"elementor-column elementor-col-100 elementor-top-column elementor-element elementor-element-d8ddca7\" data-id=\"d8ddca7\" data-element_type=\"column\" data-e-type=\"column\">\n\t\t\t<div class=\"elementor-widget-wrap\">\n\t\t\t\t\t\t\t<\/div>\n\t\t<\/div>\n\t\t\t\t\t<\/div>\n\t\t<\/section>\n\t\t\t\t<\/div>","protected":false},"excerpt":{"rendered":"<p>Content Module\u200b Access Content Module Edit Existing Content Filters Add New Content Access Content Module Log in to your B\u00fcro 365 account. On the left-hand side, click on the \u2018Content\u2019 tab in the navigation menu to open the Content module. Viewing Content List: \u2981 The main panel displays a list of content with columns for [&hellip;]<\/p>\n","protected":false},"author":2,"featured_media":0,"parent":0,"menu_order":0,"comment_status":"closed","ping_status":"closed","template":"","meta":{"footnotes":""},"class_list":["post-2901","page","type-page","status-publish","hentry"],"yoast_head":"<!-- This site is optimized with the Yoast SEO plugin v27.3 - https:\/\/yoast.com\/product\/yoast-seo-wordpress\/ -->\n<title>Content Module - Buero-365 Help Center<\/title>\n<meta name=\"robots\" content=\"noindex, follow\" \/>\n<meta property=\"og:locale\" content=\"de_DE\" \/>\n<meta property=\"og:type\" content=\"article\" \/>\n<meta property=\"og:title\" content=\"Content Module - Buero-365 Help Center\" \/>\n<meta property=\"og:description\" content=\"Content Module\u200b Access Content Module Edit Existing Content Filters Add New Content Access Content Module Log in to your B\u00fcro 365 account. On the left-hand side, click on the \u2018Content\u2019 tab in the navigation menu to open the Content module. Viewing Content List: \u2981 The main panel displays a list of content with columns for [&hellip;]\" \/>\n<meta property=\"og:url\" content=\"https:\/\/help.buero-365.com\/de\/inhaltsmodul\/\" \/>\n<meta property=\"og:site_name\" content=\"Buero-365 Help Center\" \/>\n<meta property=\"article:modified_time\" content=\"2024-06-10T12:35:27+00:00\" \/>\n<meta property=\"og:image\" content=\"https:\/\/help.buero-365.com\/wp-content\/uploads\/2024\/06\/Accessing-the-Content-Module.png\" \/>\n<meta name=\"twitter:card\" content=\"summary_large_image\" \/>\n<meta name=\"twitter:label1\" content=\"Gesch\u00e4tzte Lesezeit\" \/>\n\t<meta name=\"twitter:data1\" content=\"4\u00a0Minuten\" \/>\n<script type=\"application\/ld+json\" class=\"yoast-schema-graph\">{\"@context\":\"https:\\\/\\\/schema.org\",\"@graph\":[{\"@type\":\"WebPage\",\"@id\":\"https:\\\/\\\/help.buero-365.com\\\/content-module\\\/\",\"url\":\"https:\\\/\\\/help.buero-365.com\\\/content-module\\\/\",\"name\":\"Content Module - Buero-365 Help Center\",\"isPartOf\":{\"@id\":\"https:\\\/\\\/help.buero-365.com\\\/#website\"},\"primaryImageOfPage\":{\"@id\":\"https:\\\/\\\/help.buero-365.com\\\/content-module\\\/#primaryimage\"},\"image\":{\"@id\":\"https:\\\/\\\/help.buero-365.com\\\/content-module\\\/#primaryimage\"},\"thumbnailUrl\":\"https:\\\/\\\/help.buero-365.com\\\/wp-content\\\/uploads\\\/2024\\\/06\\\/Accessing-the-Content-Module.png\",\"datePublished\":\"2024-05-17T12:40:23+00:00\",\"dateModified\":\"2024-06-10T12:35:27+00:00\",\"breadcrumb\":{\"@id\":\"https:\\\/\\\/help.buero-365.com\\\/content-module\\\/#breadcrumb\"},\"inLanguage\":\"de-CH\",\"potentialAction\":[{\"@type\":\"ReadAction\",\"target\":[\"https:\\\/\\\/help.buero-365.com\\\/content-module\\\/\"]}]},{\"@type\":\"ImageObject\",\"inLanguage\":\"de-CH\",\"@id\":\"https:\\\/\\\/help.buero-365.com\\\/content-module\\\/#primaryimage\",\"url\":\"https:\\\/\\\/help.buero-365.com\\\/wp-content\\\/uploads\\\/2024\\\/06\\\/Accessing-the-Content-Module.png\",\"contentUrl\":\"https:\\\/\\\/help.buero-365.com\\\/wp-content\\\/uploads\\\/2024\\\/06\\\/Accessing-the-Content-Module.png\"},{\"@type\":\"BreadcrumbList\",\"@id\":\"https:\\\/\\\/help.buero-365.com\\\/content-module\\\/#breadcrumb\",\"itemListElement\":[{\"@type\":\"ListItem\",\"position\":1,\"name\":\"Home\",\"item\":\"https:\\\/\\\/help.buero-365.com\\\/\"},{\"@type\":\"ListItem\",\"position\":2,\"name\":\"Content Module\"}]},{\"@type\":\"WebSite\",\"@id\":\"https:\\\/\\\/help.buero-365.com\\\/#website\",\"url\":\"https:\\\/\\\/help.buero-365.com\\\/\",\"name\":\"Buero-365 Help Center\",\"description\":\"\",\"publisher\":{\"@id\":\"https:\\\/\\\/help.buero-365.com\\\/#organization\"},\"potentialAction\":[{\"@type\":\"SearchAction\",\"target\":{\"@type\":\"EntryPoint\",\"urlTemplate\":\"https:\\\/\\\/help.buero-365.com\\\/?s={search_term_string}\"},\"query-input\":{\"@type\":\"PropertyValueSpecification\",\"valueRequired\":true,\"valueName\":\"search_term_string\"}}],\"inLanguage\":\"de-CH\"},{\"@type\":\"Organization\",\"@id\":\"https:\\\/\\\/help.buero-365.com\\\/#organization\",\"name\":\"Buero-365 Help Center\",\"url\":\"https:\\\/\\\/help.buero-365.com\\\/\",\"logo\":{\"@type\":\"ImageObject\",\"inLanguage\":\"de-CH\",\"@id\":\"https:\\\/\\\/help.buero-365.com\\\/#\\\/schema\\\/logo\\\/image\\\/\",\"url\":\"https:\\\/\\\/help.buero-365.com\\\/wp-content\\\/uploads\\\/2024\\\/05\\\/cropped-logo-1.png\",\"contentUrl\":\"https:\\\/\\\/help.buero-365.com\\\/wp-content\\\/uploads\\\/2024\\\/05\\\/cropped-logo-1.png\",\"width\":1280,\"height\":395,\"caption\":\"Buero-365 Help Center\"},\"image\":{\"@id\":\"https:\\\/\\\/help.buero-365.com\\\/#\\\/schema\\\/logo\\\/image\\\/\"}}]}<\/script>\n<!-- \/ Yoast SEO plugin. -->","yoast_head_json":{"title":"Inhaltsmodul - Buero-365 Hilfe-Center","robots":{"index":"noindex","follow":"follow"},"og_locale":"de_DE","og_type":"article","og_title":"Content Module - Buero-365 Help Center","og_description":"Content Module\u200b Access Content Module Edit Existing Content Filters Add New Content Access Content Module Log in to your B\u00fcro 365 account. On the left-hand side, click on the \u2018Content\u2019 tab in the navigation menu to open the Content module. Viewing Content List: \u2981 The main panel displays a list of content with columns for [&hellip;]","og_url":"https:\/\/help.buero-365.com\/de\/inhaltsmodul\/","og_site_name":"Buero-365 Help Center","article_modified_time":"2024-06-10T12:35:27+00:00","og_image":[{"url":"https:\/\/help.buero-365.com\/wp-content\/uploads\/2024\/06\/Accessing-the-Content-Module.png","type":"","width":"","height":""}],"twitter_card":"summary_large_image","twitter_misc":{"Gesch\u00e4tzte Lesezeit":"4\u00a0Minuten"},"schema":{"@context":"https:\/\/schema.org","@graph":[{"@type":"WebPage","@id":"https:\/\/help.buero-365.com\/content-module\/","url":"https:\/\/help.buero-365.com\/content-module\/","name":"Inhaltsmodul - Buero-365 Hilfe-Center","isPartOf":{"@id":"https:\/\/help.buero-365.com\/#website"},"primaryImageOfPage":{"@id":"https:\/\/help.buero-365.com\/content-module\/#primaryimage"},"image":{"@id":"https:\/\/help.buero-365.com\/content-module\/#primaryimage"},"thumbnailUrl":"https:\/\/help.buero-365.com\/wp-content\/uploads\/2024\/06\/Accessing-the-Content-Module.png","datePublished":"2024-05-17T12:40:23+00:00","dateModified":"2024-06-10T12:35:27+00:00","breadcrumb":{"@id":"https:\/\/help.buero-365.com\/content-module\/#breadcrumb"},"inLanguage":"de-CH","potentialAction":[{"@type":"ReadAction","target":["https:\/\/help.buero-365.com\/content-module\/"]}]},{"@type":"ImageObject","inLanguage":"de-CH","@id":"https:\/\/help.buero-365.com\/content-module\/#primaryimage","url":"https:\/\/help.buero-365.com\/wp-content\/uploads\/2024\/06\/Accessing-the-Content-Module.png","contentUrl":"https:\/\/help.buero-365.com\/wp-content\/uploads\/2024\/06\/Accessing-the-Content-Module.png"},{"@type":"BreadcrumbList","@id":"https:\/\/help.buero-365.com\/content-module\/#breadcrumb","itemListElement":[{"@type":"ListItem","position":1,"name":"Home","item":"https:\/\/help.buero-365.com\/"},{"@type":"ListItem","position":2,"name":"Content Module"}]},{"@type":"WebSite","@id":"https:\/\/help.buero-365.com\/#website","url":"https:\/\/help.buero-365.com\/","name":"Buero-365 Hilfe-Center","description":"","publisher":{"@id":"https:\/\/help.buero-365.com\/#organization"},"potentialAction":[{"@type":"SearchAction","target":{"@type":"EntryPoint","urlTemplate":"https:\/\/help.buero-365.com\/?s={search_term_string}"},"query-input":{"@type":"PropertyValueSpecification","valueRequired":true,"valueName":"search_term_string"}}],"inLanguage":"de-CH"},{"@type":"Organization","@id":"https:\/\/help.buero-365.com\/#organization","name":"Buero-365 Hilfe-Center","url":"https:\/\/help.buero-365.com\/","logo":{"@type":"ImageObject","inLanguage":"de-CH","@id":"https:\/\/help.buero-365.com\/#\/schema\/logo\/image\/","url":"https:\/\/help.buero-365.com\/wp-content\/uploads\/2024\/05\/cropped-logo-1.png","contentUrl":"https:\/\/help.buero-365.com\/wp-content\/uploads\/2024\/05\/cropped-logo-1.png","width":1280,"height":395,"caption":"Buero-365 Help Center"},"image":{"@id":"https:\/\/help.buero-365.com\/#\/schema\/logo\/image\/"}}]}},"_links":{"self":[{"href":"https:\/\/help.buero-365.com\/de\/wp-json\/wp\/v2\/pages\/2901","targetHints":{"allow":["GET"]}}],"collection":[{"href":"https:\/\/help.buero-365.com\/de\/wp-json\/wp\/v2\/pages"}],"about":[{"href":"https:\/\/help.buero-365.com\/de\/wp-json\/wp\/v2\/types\/page"}],"author":[{"embeddable":true,"href":"https:\/\/help.buero-365.com\/de\/wp-json\/wp\/v2\/users\/2"}],"replies":[{"embeddable":true,"href":"https:\/\/help.buero-365.com\/de\/wp-json\/wp\/v2\/comments?post=2901"}],"version-history":[{"count":46,"href":"https:\/\/help.buero-365.com\/de\/wp-json\/wp\/v2\/pages\/2901\/revisions"}],"predecessor-version":[{"id":3757,"href":"https:\/\/help.buero-365.com\/de\/wp-json\/wp\/v2\/pages\/2901\/revisions\/3757"}],"wp:attachment":[{"href":"https:\/\/help.buero-365.com\/de\/wp-json\/wp\/v2\/media?parent=2901"}],"curies":[{"name":"wp","href":"https:\/\/api.w.org\/{rel}","templated":true}]}}