{"id":2899,"date":"2024-05-17T12:37:41","date_gmt":"2024-05-17T12:37:41","guid":{"rendered":"https:\/\/help.buero365.cloudmeshsolutions.com\/?page_id=2899"},"modified":"2024-06-10T12:34:57","modified_gmt":"2024-06-10T12:34:57","slug":"mitarbeitermodul","status":"publish","type":"page","link":"https:\/\/help.buero-365.com\/de\/employee-module\/","title":{"rendered":"Mitarbeiter-Modul"},"content":{"rendered":"<div data-elementor-type=\"wp-page\" data-elementor-id=\"2899\" class=\"elementor elementor-2899\" data-elementor-post-type=\"page\">\n\t\t\t\t\t\t<section class=\"elementor-section elementor-top-section elementor-element elementor-element-9b9f84e elementor-section-boxed elementor-section-height-default elementor-section-height-default\" data-id=\"9b9f84e\" data-element_type=\"section\" data-e-type=\"section\">\n\t\t\t\t\t\t<div class=\"elementor-container elementor-column-gap-default\">\n\t\t\t\t\t<div class=\"elementor-column elementor-col-50 elementor-top-column elementor-element elementor-element-8273a60\" data-id=\"8273a60\" data-element_type=\"column\" data-e-type=\"column\">\n\t\t\t<div class=\"elementor-widget-wrap elementor-element-populated\">\n\t\t\t\t\t\t<div class=\"elementor-element elementor-element-3940344 elementor-align-left elementor-widget elementor-widget-breadcrumbs\" data-id=\"3940344\" data-element_type=\"widget\" data-e-type=\"widget\" data-widget_type=\"breadcrumbs.default\">\n\t\t\t\t<div class=\"elementor-widget-container\">\n\t\t\t\t\t<p id=\"breadcrumbs\"><span><span><a href=\"https:\/\/help.buero-365.com\/de\/\">Startseite<\/a><\/span><\/span><\/p>\t\t\t\t<\/div>\n\t\t\t\t<\/div>\n\t\t\t\t\t<\/div>\n\t\t<\/div>\n\t\t\t\t<div class=\"elementor-column elementor-col-50 elementor-top-column elementor-element elementor-element-d38902d\" data-id=\"d38902d\" data-element_type=\"column\" data-e-type=\"column\">\n\t\t\t<div class=\"elementor-widget-wrap elementor-element-populated\">\n\t\t\t\t\t\t<div class=\"elementor-element elementor-element-961604f elementor-search-form--skin-minimal elementor-widget elementor-widget-search-form\" data-id=\"961604f\" data-element_type=\"widget\" data-e-type=\"widget\" data-settings=\"{&quot;skin&quot;:&quot;minimal&quot;}\" data-widget_type=\"search-form.default\">\n\t\t\t\t<div class=\"elementor-widget-container\">\n\t\t\t\t\t\t\t<search role=\"search\">\n\t\t\t<form class=\"elementor-search-form\" action=\"https:\/\/help.buero-365.com\/de\/\" method=\"get\" data-trp-original-action=\"https:\/\/help.buero-365.com\/de\">\n\t\t\t\t\t\t\t\t\t\t\t\t<div class=\"elementor-search-form__container\">\n\t\t\t\t\t<label class=\"elementor-screen-only\" for=\"elementor-search-form-961604f\">Search<\/label>\n\n\t\t\t\t\t\t\t\t\t\t\t<div class=\"elementor-search-form__icon\">\n\t\t\t\t\t\t\t<div class=\"e-font-icon-svg-container\"><svg aria-hidden=\"true\" class=\"e-font-icon-svg e-fas-search\" viewbox=\"0 0 512 512\" xmlns=\"http:\/\/www.w3.org\/2000\/svg\"><path d=\"M505 442.7L405.3 343c-4.5-4.5-10.6-7-17-7H372c27.6-35.3 44-79.7 44-128C416 93.1 322.9 0 208 0S0 93.1 0 208s93.1 208 208 208c48.3 0 92.7-16.4 128-44v16.3c0 6.4 2.5 12.5 7 17l99.7 99.7c9.4 9.4 24.6 9.4 33.9 0l28.3-28.3c9.4-9.4 9.4-24.6.1-34zM208 336c-70.7 0-128-57.2-128-128 0-70.7 57.2-128 128-128 70.7 0 128 57.2 128 128 0 70.7-57.2 128-128 128z\"><\/path><\/svg><\/div>\t\t\t\t\t\t\t<span class=\"elementor-screen-only\">Search<\/span>\n\t\t\t\t\t\t<\/div>\n\t\t\t\t\t\n\t\t\t\t\t<input id=\"elementor-search-form-961604f\" placeholder=\"Hilfe zur Suche\" class=\"elementor-search-form__input\" type=\"search\" name=\"s\" value=\"\">\n\t\t\t\t\t\n\t\t\t\t\t\n\t\t\t\t\t\t\t\t\t<\/div>\n\t\t\t<input type=\"hidden\" name=\"trp-form-language\" value=\"de\"\/><\/form>\n\t\t<\/search>\n\t\t\t\t\t\t<\/div>\n\t\t\t\t<\/div>\n\t\t\t\t\t<\/div>\n\t\t<\/div>\n\t\t\t\t\t<\/div>\n\t\t<\/section>\n\t\t\t\t<section class=\"elementor-section elementor-top-section elementor-element elementor-element-be684f0 elementor-hidden-mobile elementor-section-boxed elementor-section-height-default elementor-section-height-default\" data-id=\"be684f0\" data-element_type=\"section\" data-e-type=\"section\">\n\t\t\t\t\t\t<div class=\"elementor-container elementor-column-gap-wider\">\n\t\t\t\t\t<div class=\"elementor-column elementor-col-100 elementor-top-column elementor-element elementor-element-b906eae\" data-id=\"b906eae\" data-element_type=\"column\" data-e-type=\"column\">\n\t\t\t<div class=\"elementor-widget-wrap elementor-element-populated\">\n\t\t\t\t\t\t<section class=\"elementor-section elementor-inner-section elementor-element elementor-element-aefb515 elementor-section-boxed elementor-section-height-default elementor-section-height-default\" data-id=\"aefb515\" data-element_type=\"section\" data-e-type=\"section\">\n\t\t\t\t\t\t<div class=\"elementor-container elementor-column-gap-default\">\n\t\t\t\t\t<div class=\"elementor-column elementor-col-100 elementor-inner-column elementor-element elementor-element-4e3298b\" data-id=\"4e3298b\" data-element_type=\"column\" data-e-type=\"column\">\n\t\t\t<div class=\"elementor-widget-wrap elementor-element-populated\">\n\t\t\t\t\t\t<div class=\"elementor-element elementor-element-a675908 elementor-widget elementor-widget-heading\" data-id=\"a675908\" data-element_type=\"widget\" data-e-type=\"widget\" data-widget_type=\"heading.default\">\n\t\t\t\t<div class=\"elementor-widget-container\">\n\t\t\t\t\t<h2 class=\"elementor-heading-title elementor-size-default\">Mitarbeiter-Modul<\/h2>\t\t\t\t<\/div>\n\t\t\t\t<\/div>\n\t\t\t\t<div class=\"elementor-element elementor-element-877a02d elementor-widget elementor-widget-elementskit-simple-tab\" data-id=\"877a02d\" data-element_type=\"widget\" data-e-type=\"widget\" data-widget_type=\"elementskit-simple-tab.default\">\n\t\t\t\t<div class=\"elementor-widget-container\">\n\t\t\t\t\t<div class=\"ekit-wid-con\" >        <div class=\"elementkit-tab-wraper vertical  elementskit-fitcontent-tab\">\n            <ul class=\"nav nav-tabs elementkit-tab-nav\">\n                                    <li class=\"elementkit-nav-item elementor-repeater-item-10234ea\">\n                        <a class=\"elementkit-nav-link  active show top-pos\" id=\"content-10234ea69dd4b55552d9-tab\" data-ekit-handler-id=\"access-employees-module\" data-ekit-toggle=\"tab\" data-target=\"#content-10234ea69dd4b55552d9\" href=\"#Content-10234ea69dd4b55552d9\"\n                            data-ekit-toggle-trigger=\"click\"\n                            aria-describedby=\"Content-10234ea69dd4b55552d9\">\n                                                        <span class=\"elementskit-tab-title\">Zugang Mitarbeiter Modul<\/span>\n                        <\/a>\n                    <\/li>\n                                        <li class=\"elementkit-nav-item elementor-repeater-item-08ca34f\">\n                        <a class=\"elementkit-nav-link  top-pos\" id=\"content-08ca34f69dd4b55552d9-tab\" data-ekit-handler-id=\"add-a-new-employee\" data-ekit-toggle=\"tab\" data-target=\"#content-08ca34f69dd4b55552d9\" href=\"#Content-08ca34f69dd4b55552d9\"\n                            data-ekit-toggle-trigger=\"click\"\n                            aria-describedby=\"Content-08ca34f69dd4b55552d9\">\n                                                        <span class=\"elementskit-tab-title\">Einen neuen Mitarbeiter hinzuf\u00fcgen<\/span>\n                        <\/a>\n                    <\/li>\n                                        <li class=\"elementkit-nav-item elementor-repeater-item-c307056\">\n                        <a class=\"elementkit-nav-link  top-pos\" id=\"content-c30705669dd4b55552d9-tab\" data-ekit-handler-id=\"edit-employee-information\" data-ekit-toggle=\"tab\" data-target=\"#content-c30705669dd4b55552d9\" href=\"#Content-c30705669dd4b55552d9\"\n                            data-ekit-toggle-trigger=\"click\"\n                            aria-describedby=\"Content-c30705669dd4b55552d9\">\n                                                        <span class=\"elementskit-tab-title\">Mitarbeiterinformationen bearbeiten<\/span>\n                        <\/a>\n                    <\/li>\n                                        <li class=\"elementkit-nav-item elementor-repeater-item-575940d\">\n                        <a class=\"elementkit-nav-link  top-pos\" id=\"content-575940d69dd4b55552d9-tab\" data-ekit-handler-id=\"deleting-an-employee\" data-ekit-toggle=\"tab\" data-target=\"#content-575940d69dd4b55552d9\" href=\"#Content-575940d69dd4b55552d9\"\n                            data-ekit-toggle-trigger=\"click\"\n                            aria-describedby=\"Content-575940d69dd4b55552d9\">\n                                                        <span class=\"elementskit-tab-title\">L\u00f6schung eines Mitarbeiters<\/span>\n                        <\/a>\n                    <\/li>\n                                <\/ul>\n\n            <div class=\"tab-content elementkit-tab-content\">\n                                    <div class=\"tab-pane elementkit-tab-pane elementor-repeater-item-10234ea  active show\" id=\"content-10234ea69dd4b55552d9\" role=\"tabpanel\"\n                         aria-labelledby=\"content-10234ea69dd4b55552d9-tab\">\n                        <div class=\"animated fadeIn\">\n                            <p><strong>Zugang zu Dienstleistungen:<\/strong><\/p><p><strong>1. Melden Sie sich bei Ihrem B\u00dcRO 365-Konto an.<\/strong><\/p><p><strong>2. Navigieren Sie zu Mitarbeiter: <\/strong><\/p><p>Klicken Sie in der linken Navigationsleiste auf die Schaltfl\u00e4che \"Mitarbeiter\". Dadurch gelangen Sie in den Bereich \"Mitarbeiter\" des Portals.<\/p><p><strong>Liste der Mitarbeiter:<\/strong><\/p><p>Sie sehen eine Liste aller Mitarbeiter mit ihren Details wie ID, Name, E-Mail, Telefon, Funktion und dem Datum, an dem sie dem System hinzugef\u00fcgt wurden (Erstellt am).<\/p><p>\u00a0<\/p><p><img fetchpriority=\"high\" decoding=\"async\" class=\"\" src=\"https:\/\/help.buero-365.com\/wp-content\/uploads\/2024\/06\/Employees-List.jpg\" width=\"967\" height=\"688\" \/><\/p><p>\u00a0<\/p><p>\u00a0<\/p><p><strong>Suchen und Sortieren:<\/strong><\/p><p>Oben gibt es die M\u00f6glichkeit, nach einem bestimmten Mitarbeiter zu suchen und die Liste nach verschiedenen Kriterien zu sortieren.<\/p>                        <\/div>\n                    <\/div>\n                                    <div class=\"tab-pane elementkit-tab-pane elementor-repeater-item-08ca34f\" id=\"content-08ca34f69dd4b55552d9\" role=\"tabpanel\"\n                         aria-labelledby=\"content-08ca34f69dd4b55552d9-tab\">\n                        <div class=\"animated fadeIn\">\n                            <p><strong>Mitarbeiterdetails hinzuf\u00fcgen:<\/strong><\/p><p>Geben Sie im Formular \"Neu hinzuf\u00fcgen\" die Daten des Mitarbeiters ein, wie Name, E-Mail, Telefon und Funktion.<\/p><p>\u00a0<\/p><p><img decoding=\"async\" class=\"\" src=\"https:\/\/help.buero-365.com\/wp-content\/uploads\/2024\/06\/add-new.jpg\" width=\"967\" height=\"688\" \/><\/p><p>\u00a0<\/p><p><strong>Informationen speichern:<\/strong><\/p><p>Nachdem Sie die Details eingegeben haben, speichern Sie die Informationen, indem Sie auf \"\u00c4nderungen speichern\" klicken.<\/p><p><strong>Mitarbeiter-E-Mail mit Anmeldedaten:<\/strong><\/p><p>Nachdem die Mitarbeiter hinzugef\u00fcgt und alle ihre Daten eingegeben wurden, erhalten sie eine E-Mail mit ihren Anmeldedaten, einschlie\u00dflich ihrer E-Mail-Adresse und ihres Passworts, um einen nahtlosen Zugang zu unseren Dienstleistungen zu gew\u00e4hrleisten.<\/p>                        <\/div>\n                    <\/div>\n                                    <div class=\"tab-pane elementkit-tab-pane elementor-repeater-item-c307056\" id=\"content-c30705669dd4b55552d9\" role=\"tabpanel\"\n                         aria-labelledby=\"content-c30705669dd4b55552d9-tab\">\n                        <div class=\"animated fadeIn\">\n                            <p><strong>Mitarbeiterinformationen bearbeiten<\/strong><\/p><p><strong>Option bearbeiten<\/strong>:<\/p><p>Um die Daten eines Mitarbeiters zu bearbeiten, suchen Sie ihn in der Liste und klicken Sie auf die Schaltfl\u00e4che \"Bearbeiten\" (dargestellt durch ein Pfeilsymbol) neben seinen Angaben.<\/p><p><strong>Details aktualisieren:<\/strong><\/p><p>Nehmen Sie die erforderlichen \u00c4nderungen im Formular f\u00fcr die Mitarbeiterinformationen vor, das erscheint<\/p><p>\u00a0<\/p><p><img decoding=\"async\" class=\"\" src=\"https:\/\/help.buero-365.com\/wp-content\/uploads\/2024\/06\/Update-Details.jpg\" width=\"967\" height=\"688\" \/><\/p><p>\u00a0<\/p><p><strong>\u00c4nderungen speichern:<\/strong><\/p><p>Best\u00e4tigen und speichern Sie die \u00c4nderungen, indem Sie auf die Schaltfl\u00e4che \"\u00c4nderungen speichern\" klicken.<\/p>                        <\/div>\n                    <\/div>\n                                    <div class=\"tab-pane elementkit-tab-pane elementor-repeater-item-575940d\" id=\"content-575940d69dd4b55552d9\" role=\"tabpanel\"\n                         aria-labelledby=\"content-575940d69dd4b55552d9-tab\">\n                        <div class=\"animated fadeIn\">\n                            <p><strong>Mitarbeiter ausw\u00e4hlen:<\/strong><\/p><p>Um einen Mitarbeiter zu l\u00f6schen, klicken Sie auf den betreffenden Mitarbeiter in der Liste und dann auf das L\u00f6schsymbol in der rechten oberen Ecke.<\/p>                        <\/div>\n                    <\/div>\n                                \n            <\/div>\n                    <\/div>\n    <\/div>\t\t\t\t<\/div>\n\t\t\t\t<\/div>\n\t\t\t\t\t<\/div>\n\t\t<\/div>\n\t\t\t\t\t<\/div>\n\t\t<\/section>\n\t\t\t\t\t<\/div>\n\t\t<\/div>\n\t\t\t\t\t<\/div>\n\t\t<\/section>\n\t\t\t\t<\/div>","protected":false},"excerpt":{"rendered":"<p>Employee Module Access Employees Module Add a New Employee Edit Employee Information Deleting an Employee Accessing Services: 1. Login to your B\u00dcRO 365 account. 2. Navigate to Employees: On the left-hand side navigation panel, click on the \u2018Employees\u2019 button. This will bring you to the \u2018Employees\u2019 section of the portal. Employees List: You&#8217;ll see a [&hellip;]<\/p>\n","protected":false},"author":2,"featured_media":0,"parent":0,"menu_order":0,"comment_status":"closed","ping_status":"closed","template":"","meta":{"footnotes":""},"class_list":["post-2899","page","type-page","status-publish","hentry"],"yoast_head":"<!-- This site is optimized with the Yoast SEO plugin v27.3 - https:\/\/yoast.com\/product\/yoast-seo-wordpress\/ -->\n<title>Employee Module - Buero-365 Help Center<\/title>\n<meta name=\"robots\" content=\"noindex, follow\" \/>\n<meta property=\"og:locale\" content=\"de_DE\" \/>\n<meta property=\"og:type\" content=\"article\" \/>\n<meta property=\"og:title\" content=\"Employee Module - Buero-365 Help Center\" \/>\n<meta property=\"og:description\" content=\"Employee Module Access Employees Module Add a New Employee Edit Employee Information Deleting an Employee Accessing Services: 1. Login to your B\u00dcRO 365 account. 2. Navigate to Employees: On the left-hand side navigation panel, click on the \u2018Employees\u2019 button. This will bring you to the \u2018Employees\u2019 section of the portal. Employees List: You&#8217;ll see a [&hellip;]\" \/>\n<meta property=\"og:url\" content=\"https:\/\/help.buero-365.com\/de\/mitarbeitermodul\/\" \/>\n<meta property=\"og:site_name\" content=\"Buero-365 Help Center\" \/>\n<meta property=\"article:modified_time\" content=\"2024-06-10T12:34:57+00:00\" \/>\n<meta property=\"og:image\" content=\"https:\/\/help.buero-365.com\/wp-content\/uploads\/2024\/06\/Employees-List.jpg\" \/>\n<meta name=\"twitter:card\" content=\"summary_large_image\" \/>\n<script type=\"application\/ld+json\" class=\"yoast-schema-graph\">{\"@context\":\"https:\\\/\\\/schema.org\",\"@graph\":[{\"@type\":\"WebPage\",\"@id\":\"https:\\\/\\\/help.buero-365.com\\\/employee-module\\\/\",\"url\":\"https:\\\/\\\/help.buero-365.com\\\/employee-module\\\/\",\"name\":\"Employee Module - Buero-365 Help Center\",\"isPartOf\":{\"@id\":\"https:\\\/\\\/help.buero-365.com\\\/#website\"},\"primaryImageOfPage\":{\"@id\":\"https:\\\/\\\/help.buero-365.com\\\/employee-module\\\/#primaryimage\"},\"image\":{\"@id\":\"https:\\\/\\\/help.buero-365.com\\\/employee-module\\\/#primaryimage\"},\"thumbnailUrl\":\"https:\\\/\\\/help.buero-365.com\\\/wp-content\\\/uploads\\\/2024\\\/06\\\/Employees-List.jpg\",\"datePublished\":\"2024-05-17T12:37:41+00:00\",\"dateModified\":\"2024-06-10T12:34:57+00:00\",\"breadcrumb\":{\"@id\":\"https:\\\/\\\/help.buero-365.com\\\/employee-module\\\/#breadcrumb\"},\"inLanguage\":\"de-CH\",\"potentialAction\":[{\"@type\":\"ReadAction\",\"target\":[\"https:\\\/\\\/help.buero-365.com\\\/employee-module\\\/\"]}]},{\"@type\":\"ImageObject\",\"inLanguage\":\"de-CH\",\"@id\":\"https:\\\/\\\/help.buero-365.com\\\/employee-module\\\/#primaryimage\",\"url\":\"https:\\\/\\\/help.buero-365.com\\\/wp-content\\\/uploads\\\/2024\\\/06\\\/Employees-List.jpg\",\"contentUrl\":\"https:\\\/\\\/help.buero-365.com\\\/wp-content\\\/uploads\\\/2024\\\/06\\\/Employees-List.jpg\"},{\"@type\":\"BreadcrumbList\",\"@id\":\"https:\\\/\\\/help.buero-365.com\\\/employee-module\\\/#breadcrumb\",\"itemListElement\":[{\"@type\":\"ListItem\",\"position\":1,\"name\":\"Home\",\"item\":\"https:\\\/\\\/help.buero-365.com\\\/\"},{\"@type\":\"ListItem\",\"position\":2,\"name\":\"Employee Module\"}]},{\"@type\":\"WebSite\",\"@id\":\"https:\\\/\\\/help.buero-365.com\\\/#website\",\"url\":\"https:\\\/\\\/help.buero-365.com\\\/\",\"name\":\"Buero-365 Help Center\",\"description\":\"\",\"publisher\":{\"@id\":\"https:\\\/\\\/help.buero-365.com\\\/#organization\"},\"potentialAction\":[{\"@type\":\"SearchAction\",\"target\":{\"@type\":\"EntryPoint\",\"urlTemplate\":\"https:\\\/\\\/help.buero-365.com\\\/?s={search_term_string}\"},\"query-input\":{\"@type\":\"PropertyValueSpecification\",\"valueRequired\":true,\"valueName\":\"search_term_string\"}}],\"inLanguage\":\"de-CH\"},{\"@type\":\"Organization\",\"@id\":\"https:\\\/\\\/help.buero-365.com\\\/#organization\",\"name\":\"Buero-365 Help Center\",\"url\":\"https:\\\/\\\/help.buero-365.com\\\/\",\"logo\":{\"@type\":\"ImageObject\",\"inLanguage\":\"de-CH\",\"@id\":\"https:\\\/\\\/help.buero-365.com\\\/#\\\/schema\\\/logo\\\/image\\\/\",\"url\":\"https:\\\/\\\/help.buero-365.com\\\/wp-content\\\/uploads\\\/2024\\\/05\\\/cropped-logo-1.png\",\"contentUrl\":\"https:\\\/\\\/help.buero-365.com\\\/wp-content\\\/uploads\\\/2024\\\/05\\\/cropped-logo-1.png\",\"width\":1280,\"height\":395,\"caption\":\"Buero-365 Help Center\"},\"image\":{\"@id\":\"https:\\\/\\\/help.buero-365.com\\\/#\\\/schema\\\/logo\\\/image\\\/\"}}]}<\/script>\n<!-- \/ Yoast SEO plugin. -->","yoast_head_json":{"title":"Mitarbeiter-Modul - Buero-365 Help Center","robots":{"index":"noindex","follow":"follow"},"og_locale":"de_DE","og_type":"article","og_title":"Employee Module - Buero-365 Help Center","og_description":"Employee Module Access Employees Module Add a New Employee Edit Employee Information Deleting an Employee Accessing Services: 1. Login to your B\u00dcRO 365 account. 2. Navigate to Employees: On the left-hand side navigation panel, click on the \u2018Employees\u2019 button. This will bring you to the \u2018Employees\u2019 section of the portal. Employees List: You&#8217;ll see a [&hellip;]","og_url":"https:\/\/help.buero-365.com\/de\/mitarbeitermodul\/","og_site_name":"Buero-365 Help Center","article_modified_time":"2024-06-10T12:34:57+00:00","og_image":[{"url":"https:\/\/help.buero-365.com\/wp-content\/uploads\/2024\/06\/Employees-List.jpg","type":"","width":"","height":""}],"twitter_card":"summary_large_image","schema":{"@context":"https:\/\/schema.org","@graph":[{"@type":"WebPage","@id":"https:\/\/help.buero-365.com\/employee-module\/","url":"https:\/\/help.buero-365.com\/employee-module\/","name":"Mitarbeiter-Modul - Buero-365 Help Center","isPartOf":{"@id":"https:\/\/help.buero-365.com\/#website"},"primaryImageOfPage":{"@id":"https:\/\/help.buero-365.com\/employee-module\/#primaryimage"},"image":{"@id":"https:\/\/help.buero-365.com\/employee-module\/#primaryimage"},"thumbnailUrl":"https:\/\/help.buero-365.com\/wp-content\/uploads\/2024\/06\/Employees-List.jpg","datePublished":"2024-05-17T12:37:41+00:00","dateModified":"2024-06-10T12:34:57+00:00","breadcrumb":{"@id":"https:\/\/help.buero-365.com\/employee-module\/#breadcrumb"},"inLanguage":"de-CH","potentialAction":[{"@type":"ReadAction","target":["https:\/\/help.buero-365.com\/employee-module\/"]}]},{"@type":"ImageObject","inLanguage":"de-CH","@id":"https:\/\/help.buero-365.com\/employee-module\/#primaryimage","url":"https:\/\/help.buero-365.com\/wp-content\/uploads\/2024\/06\/Employees-List.jpg","contentUrl":"https:\/\/help.buero-365.com\/wp-content\/uploads\/2024\/06\/Employees-List.jpg"},{"@type":"BreadcrumbList","@id":"https:\/\/help.buero-365.com\/employee-module\/#breadcrumb","itemListElement":[{"@type":"ListItem","position":1,"name":"Home","item":"https:\/\/help.buero-365.com\/"},{"@type":"ListItem","position":2,"name":"Employee Module"}]},{"@type":"WebSite","@id":"https:\/\/help.buero-365.com\/#website","url":"https:\/\/help.buero-365.com\/","name":"Buero-365 Hilfe-Center","description":"","publisher":{"@id":"https:\/\/help.buero-365.com\/#organization"},"potentialAction":[{"@type":"SearchAction","target":{"@type":"EntryPoint","urlTemplate":"https:\/\/help.buero-365.com\/?s={search_term_string}"},"query-input":{"@type":"PropertyValueSpecification","valueRequired":true,"valueName":"search_term_string"}}],"inLanguage":"de-CH"},{"@type":"Organization","@id":"https:\/\/help.buero-365.com\/#organization","name":"Buero-365 Hilfe-Center","url":"https:\/\/help.buero-365.com\/","logo":{"@type":"ImageObject","inLanguage":"de-CH","@id":"https:\/\/help.buero-365.com\/#\/schema\/logo\/image\/","url":"https:\/\/help.buero-365.com\/wp-content\/uploads\/2024\/05\/cropped-logo-1.png","contentUrl":"https:\/\/help.buero-365.com\/wp-content\/uploads\/2024\/05\/cropped-logo-1.png","width":1280,"height":395,"caption":"Buero-365 Help Center"},"image":{"@id":"https:\/\/help.buero-365.com\/#\/schema\/logo\/image\/"}}]}},"_links":{"self":[{"href":"https:\/\/help.buero-365.com\/de\/wp-json\/wp\/v2\/pages\/2899","targetHints":{"allow":["GET"]}}],"collection":[{"href":"https:\/\/help.buero-365.com\/de\/wp-json\/wp\/v2\/pages"}],"about":[{"href":"https:\/\/help.buero-365.com\/de\/wp-json\/wp\/v2\/types\/page"}],"author":[{"embeddable":true,"href":"https:\/\/help.buero-365.com\/de\/wp-json\/wp\/v2\/users\/2"}],"replies":[{"embeddable":true,"href":"https:\/\/help.buero-365.com\/de\/wp-json\/wp\/v2\/comments?post=2899"}],"version-history":[{"count":22,"href":"https:\/\/help.buero-365.com\/de\/wp-json\/wp\/v2\/pages\/2899\/revisions"}],"predecessor-version":[{"id":3745,"href":"https:\/\/help.buero-365.com\/de\/wp-json\/wp\/v2\/pages\/2899\/revisions\/3745"}],"wp:attachment":[{"href":"https:\/\/help.buero-365.com\/de\/wp-json\/wp\/v2\/media?parent=2899"}],"curies":[{"name":"wp","href":"https:\/\/api.w.org\/{rel}","templated":true}]}}