{"id":2896,"date":"2024-05-17T12:36:38","date_gmt":"2024-05-17T12:36:38","guid":{"rendered":"https:\/\/help.buero365.cloudmeshsolutions.com\/?page_id=2896"},"modified":"2024-06-10T12:34:25","modified_gmt":"2024-06-10T12:34:25","slug":"mail-tracker-modul","status":"publish","type":"page","link":"https:\/\/help.buero-365.com\/de\/mail-tracker-module\/","title":{"rendered":"Modul Mail Tracker"},"content":{"rendered":"<div data-elementor-type=\"wp-page\" data-elementor-id=\"2896\" class=\"elementor elementor-2896\" data-elementor-post-type=\"page\">\n\t\t\t\t\t\t<section class=\"elementor-section elementor-top-section elementor-element elementor-element-3b9da5b elementor-section-boxed elementor-section-height-default elementor-section-height-default\" data-id=\"3b9da5b\" data-element_type=\"section\" data-e-type=\"section\">\n\t\t\t\t\t\t<div class=\"elementor-container elementor-column-gap-default\">\n\t\t\t\t\t<div class=\"elementor-column elementor-col-50 elementor-top-column elementor-element elementor-element-faf342f\" data-id=\"faf342f\" data-element_type=\"column\" data-e-type=\"column\">\n\t\t\t<div class=\"elementor-widget-wrap elementor-element-populated\">\n\t\t\t\t\t\t<div class=\"elementor-element elementor-element-103721a elementor-align-left elementor-widget elementor-widget-breadcrumbs\" data-id=\"103721a\" data-element_type=\"widget\" data-e-type=\"widget\" data-widget_type=\"breadcrumbs.default\">\n\t\t\t\t<div class=\"elementor-widget-container\">\n\t\t\t\t\t<p id=\"breadcrumbs\"><span><span><a href=\"https:\/\/help.buero-365.com\/de\/\">Startseite<\/a><\/span><\/span><\/p>\t\t\t\t<\/div>\n\t\t\t\t<\/div>\n\t\t\t\t\t<\/div>\n\t\t<\/div>\n\t\t\t\t<div class=\"elementor-column elementor-col-50 elementor-top-column elementor-element elementor-element-6656fb1\" data-id=\"6656fb1\" data-element_type=\"column\" data-e-type=\"column\">\n\t\t\t<div class=\"elementor-widget-wrap elementor-element-populated\">\n\t\t\t\t\t\t<div class=\"elementor-element elementor-element-f5d0510 elementor-search-form--skin-minimal elementor-widget elementor-widget-search-form\" data-id=\"f5d0510\" data-element_type=\"widget\" data-e-type=\"widget\" data-settings=\"{&quot;skin&quot;:&quot;minimal&quot;}\" data-widget_type=\"search-form.default\">\n\t\t\t\t<div class=\"elementor-widget-container\">\n\t\t\t\t\t\t\t<search role=\"search\">\n\t\t\t<form class=\"elementor-search-form\" action=\"https:\/\/help.buero-365.com\/de\/\" method=\"get\" data-trp-original-action=\"https:\/\/help.buero-365.com\/de\">\n\t\t\t\t\t\t\t\t\t\t\t\t<div class=\"elementor-search-form__container\">\n\t\t\t\t\t<label class=\"elementor-screen-only\" for=\"elementor-search-form-f5d0510\">Search<\/label>\n\n\t\t\t\t\t\t\t\t\t\t\t<div class=\"elementor-search-form__icon\">\n\t\t\t\t\t\t\t<div class=\"e-font-icon-svg-container\"><svg aria-hidden=\"true\" class=\"e-font-icon-svg e-fas-search\" viewbox=\"0 0 512 512\" xmlns=\"http:\/\/www.w3.org\/2000\/svg\"><path d=\"M505 442.7L405.3 343c-4.5-4.5-10.6-7-17-7H372c27.6-35.3 44-79.7 44-128C416 93.1 322.9 0 208 0S0 93.1 0 208s93.1 208 208 208c48.3 0 92.7-16.4 128-44v16.3c0 6.4 2.5 12.5 7 17l99.7 99.7c9.4 9.4 24.6 9.4 33.9 0l28.3-28.3c9.4-9.4 9.4-24.6.1-34zM208 336c-70.7 0-128-57.2-128-128 0-70.7 57.2-128 128-128 70.7 0 128 57.2 128 128 0 70.7-57.2 128-128 128z\"><\/path><\/svg><\/div>\t\t\t\t\t\t\t<span class=\"elementor-screen-only\">Search<\/span>\n\t\t\t\t\t\t<\/div>\n\t\t\t\t\t\n\t\t\t\t\t<input id=\"elementor-search-form-f5d0510\" placeholder=\"Hilfe zur Suche\" class=\"elementor-search-form__input\" type=\"search\" name=\"s\" value=\"\">\n\t\t\t\t\t\n\t\t\t\t\t\n\t\t\t\t\t\t\t\t\t<\/div>\n\t\t\t<input type=\"hidden\" name=\"trp-form-language\" value=\"de\"\/><\/form>\n\t\t<\/search>\n\t\t\t\t\t\t<\/div>\n\t\t\t\t<\/div>\n\t\t\t\t\t<\/div>\n\t\t<\/div>\n\t\t\t\t\t<\/div>\n\t\t<\/section>\n\t\t\t\t<section class=\"elementor-section elementor-top-section elementor-element elementor-element-acfa3ab elementor-hidden-mobile elementor-section-boxed elementor-section-height-default elementor-section-height-default\" data-id=\"acfa3ab\" data-element_type=\"section\" data-e-type=\"section\">\n\t\t\t\t\t\t<div class=\"elementor-container elementor-column-gap-wider\">\n\t\t\t\t\t<div class=\"elementor-column elementor-col-100 elementor-top-column elementor-element elementor-element-86a2beb\" data-id=\"86a2beb\" data-element_type=\"column\" data-e-type=\"column\">\n\t\t\t<div class=\"elementor-widget-wrap elementor-element-populated\">\n\t\t\t\t\t\t<section class=\"elementor-section elementor-inner-section elementor-element elementor-element-3e44c22 elementor-section-boxed elementor-section-height-default elementor-section-height-default\" data-id=\"3e44c22\" data-element_type=\"section\" data-e-type=\"section\">\n\t\t\t\t\t\t<div class=\"elementor-container elementor-column-gap-default\">\n\t\t\t\t\t<div class=\"elementor-column elementor-col-100 elementor-inner-column elementor-element elementor-element-2254e73\" data-id=\"2254e73\" data-element_type=\"column\" data-e-type=\"column\">\n\t\t\t<div class=\"elementor-widget-wrap elementor-element-populated\">\n\t\t\t\t\t\t<div class=\"elementor-element elementor-element-248c247 elementor-widget elementor-widget-heading\" data-id=\"248c247\" data-element_type=\"widget\" data-e-type=\"widget\" data-widget_type=\"heading.default\">\n\t\t\t\t<div class=\"elementor-widget-container\">\n\t\t\t\t\t<h2 class=\"elementor-heading-title elementor-size-default\">Modul Mail Tracker<\/h2>\t\t\t\t<\/div>\n\t\t\t\t<\/div>\n\t\t\t\t<div class=\"elementor-element elementor-element-2bc8c45 elementor-widget elementor-widget-elementskit-simple-tab\" data-id=\"2bc8c45\" data-element_type=\"widget\" data-e-type=\"widget\" data-widget_type=\"elementskit-simple-tab.default\">\n\t\t\t\t<div class=\"elementor-widget-container\">\n\t\t\t\t\t<div class=\"ekit-wid-con\" >        <div class=\"elementkit-tab-wraper vertical  elementskit-fitcontent-tab\">\n            <ul class=\"nav nav-tabs elementkit-tab-nav\">\n                                    <li class=\"elementkit-nav-item elementor-repeater-item-10234ea\">\n                        <a class=\"elementkit-nav-link  active show top-pos\" id=\"content-10234ea69dd435245e48-tab\" data-ekit-handler-id=\"mail-tracker-module\" data-ekit-toggle=\"tab\" data-target=\"#content-10234ea69dd435245e48\" href=\"#Content-10234ea69dd435245e48\"\n                            data-ekit-toggle-trigger=\"click\"\n                            aria-describedby=\"Content-10234ea69dd435245e48\">\n                                                        <span class=\"elementskit-tab-title\">Modul Mail Tracker<\/span>\n                        <\/a>\n                    <\/li>\n                                        <li class=\"elementkit-nav-item elementor-repeater-item-08ca34f\">\n                        <a class=\"elementkit-nav-link  top-pos\" id=\"content-08ca34f69dd435245e48-tab\" data-ekit-handler-id=\"search-bar\" data-ekit-toggle=\"tab\" data-target=\"#content-08ca34f69dd435245e48\" href=\"#Content-08ca34f69dd435245e48\"\n                            data-ekit-toggle-trigger=\"click\"\n                            aria-describedby=\"Content-08ca34f69dd435245e48\">\n                                                        <span class=\"elementskit-tab-title\">Suchleiste<\/span>\n                        <\/a>\n                    <\/li>\n                                        <li class=\"elementkit-nav-item elementor-repeater-item-1ffa642\">\n                        <a class=\"elementkit-nav-link  top-pos\" id=\"content-1ffa64269dd435245e48-tab\" data-ekit-handler-id=\"view-mail-function\" data-ekit-toggle=\"tab\" data-target=\"#content-1ffa64269dd435245e48\" href=\"#Content-1ffa64269dd435245e48\"\n                            data-ekit-toggle-trigger=\"click\"\n                            aria-describedby=\"Content-1ffa64269dd435245e48\">\n                                                        <span class=\"elementskit-tab-title\">Mail-Funktion anzeigen<\/span>\n                        <\/a>\n                    <\/li>\n                                <\/ul>\n\n            <div class=\"tab-content elementkit-tab-content\">\n                                    <div class=\"tab-pane elementkit-tab-pane elementor-repeater-item-10234ea  active show\" id=\"content-10234ea69dd435245e48\" role=\"tabpanel\"\n                         aria-labelledby=\"content-10234ea69dd435245e48-tab\">\n                        <div class=\"animated fadeIn\">\n                            <p><strong>Zugriff auf den Mail Tracker:<\/strong><\/p><p>Um den Mail Tracker zu nutzen, klicken Sie im Navigationsmen\u00fc auf die Registerkarte \"Mail Tracker\".<\/p><p><strong>Anzeigen des E-Mail-Status:<\/strong><\/p><p>Der Mail Tracker zeigt eine Liste von E-Mails mit den folgenden Details an: ID, Empf\u00e4nger, Betreff, Senden um, Gesehen um und Status.<\/p><p><img fetchpriority=\"high\" decoding=\"async\" class=\"\" src=\"https:\/\/help.buero-365.com\/wp-content\/uploads\/2024\/06\/Accessing-the-Content-Module-1.jpg\" width=\"967\" height=\"688\" \/><\/p><p>Sie k\u00f6nnen die E-Mails sortieren, indem Sie auf das Dropdown-Men\u00fc \"Sortieren nach\" in der oberen rechten Ecke klicken, um die E-Mails nach Ihren W\u00fcnschen zu ordnen (z. B. nach Versanddatum oder Status).<\/p><p><strong>E-Mail-Statusanzeiger:<\/strong><\/p><p>Statusanzeigen zeigen an, ob eine E-Mail \"ge\u00f6ffnet\" oder \"in Bearbeitung\" ist. Ein \"ge\u00f6ffneter\" Status bedeutet, dass der Empf\u00e4nger die E-Mail angesehen hat, w\u00e4hrend \"ausstehend\" bedeutet, dass sie noch nicht angesehen wurde.<\/p><p><strong>Mail-Funktion anzeigen:<\/strong><\/p><p>Klicken Sie auf das Augensymbol in der Spalte \"E-Mail anzeigen\", um die Details einer bestimmten E-Mail zu \u00f6ffnen.<\/p><p><img decoding=\"async\" class=\"\" src=\"https:\/\/help.buero-365.com\/wp-content\/uploads\/2024\/06\/Using-the-View-Mail-Function.jpg\" width=\"967\" height=\"688\" \/><\/p><ul><li>Daraufhin wird die Seite \"E-Mail-Details\" aufgerufen, auf der die E-Mail-ID, der Empf\u00e4nger, der Status, der Zeitpunkt des Versands und der Zeitpunkt des Abrufs angezeigt werden.<\/li><li>Sie k\u00f6nnen die Anh\u00e4nge, die mit der E-Mail gesendet wurden, und den Inhalt der E-Mail selbst sehen.<\/li><\/ul>                        <\/div>\n                    <\/div>\n                                    <div class=\"tab-pane elementkit-tab-pane elementor-repeater-item-08ca34f\" id=\"content-08ca34f69dd435245e48\" role=\"tabpanel\"\n                         aria-labelledby=\"content-08ca34f69dd435245e48-tab\">\n                        <div class=\"animated fadeIn\">\n                            <p><strong>Schritt 1: Auffinden der Suchleiste<\/strong><\/p><p>Suchen Sie die Suchleiste oben rechts auf der Mail Tracker-Seite.<\/p><p><strong>Schritt 2: Verwendung der Suchfunktion<\/strong><\/p><ul><li>Geben Sie die Schl\u00fcsselw\u00f6rter oder E-Mail-IDs ein, nach denen Sie suchen.<\/li><li>Dr\u00fccken Sie \"Enter\" oder klicken Sie auf das Suchsymbol, um die Suche auszuf\u00fchren.<\/li><li>Der Mail Tracker filtert und zeigt die E-Mails an, die Ihren Suchkriterien entsprechen.<\/li><\/ul>                        <\/div>\n                    <\/div>\n                                    <div class=\"tab-pane elementkit-tab-pane elementor-repeater-item-1ffa642\" id=\"content-1ffa64269dd435245e48\" role=\"tabpanel\"\n                         aria-labelledby=\"content-1ffa64269dd435245e48-tab\">\n                        <div class=\"animated fadeIn\">\n                            <p><strong>Schritt 1: Ausw\u00e4hlen einer E-Mail<\/strong><\/p><p>Klicken Sie in der Liste Mail Tracker auf die E-Mail, die Sie anzeigen m\u00f6chten.<\/p><p><img decoding=\"async\" class=\"\" src=\"https:\/\/help.buero-365.com\/wp-content\/uploads\/2024\/06\/Selecting-an-Email.jpg\" width=\"967\" height=\"688\" \/><\/p><p>Klicken Sie auf das entsprechende Augensymbol in der Spalte \"E-Mail anzeigen\".<\/p><p><strong>Schritt 2: E-Mail-Details \u00fcberpr\u00fcfen<\/strong><\/p><p><img loading=\"lazy\" decoding=\"async\" class=\"\" src=\"https:\/\/help.buero-365.com\/wp-content\/uploads\/2024\/06\/View-Mail.jpg\" width=\"967\" height=\"688\" \/><\/p><ul><li>Nachdem Sie auf das Augensymbol geklickt haben, wird die Seite E-Mail-Details ge\u00f6ffnet.<\/li><li>\u00dcberpr\u00fcfen Sie die Details wie den Namen des Empf\u00e4ngers, den E-Mail-Status, den Betreff, den eigentlichen Inhalt der E-Mail und alle Anh\u00e4nge.<\/li><\/ul>                        <\/div>\n                    <\/div>\n                                \n            <\/div>\n                    <\/div>\n    <\/div>\t\t\t\t<\/div>\n\t\t\t\t<\/div>\n\t\t\t\t\t<\/div>\n\t\t<\/div>\n\t\t\t\t\t<\/div>\n\t\t<\/section>\n\t\t\t\t\t<\/div>\n\t\t<\/div>\n\t\t\t\t\t<\/div>\n\t\t<\/section>\n\t\t\t\t<\/div>","protected":false},"excerpt":{"rendered":"<p>Mail Tracker Module Mail Tracker Module Search Bar View Mail Function Accessing the Mail Tracker: To start using the Mail Tracker, click on the \u2018Mail Tracker\u2019 tab from the navigation menu. Viewing Email Status: The Mail Tracker displays a list of emails with the following details: ID, Recipient, Subject, send at, Viewed at, and Status. [&hellip;]<\/p>\n","protected":false},"author":2,"featured_media":0,"parent":0,"menu_order":0,"comment_status":"closed","ping_status":"closed","template":"","meta":{"footnotes":""},"class_list":["post-2896","page","type-page","status-publish","hentry"],"yoast_head":"<!-- This site is optimized with the Yoast SEO plugin v27.3 - https:\/\/yoast.com\/product\/yoast-seo-wordpress\/ -->\n<title>Mail Tracker Module - Buero-365 Help Center<\/title>\n<meta name=\"robots\" content=\"noindex, follow\" \/>\n<meta property=\"og:locale\" content=\"de_DE\" \/>\n<meta property=\"og:type\" content=\"article\" \/>\n<meta property=\"og:title\" content=\"Mail Tracker Module - Buero-365 Help Center\" \/>\n<meta property=\"og:description\" content=\"Mail Tracker Module Mail Tracker Module Search Bar View Mail Function Accessing the Mail Tracker: To start using the Mail Tracker, click on the \u2018Mail Tracker\u2019 tab from the navigation menu. Viewing Email Status: The Mail Tracker displays a list of emails with the following details: ID, Recipient, Subject, send at, Viewed at, and Status. [&hellip;]\" \/>\n<meta property=\"og:url\" content=\"https:\/\/help.buero-365.com\/de\/mail-tracker-modul\/\" \/>\n<meta property=\"og:site_name\" content=\"Buero-365 Help Center\" \/>\n<meta property=\"article:modified_time\" content=\"2024-06-10T12:34:25+00:00\" \/>\n<meta property=\"og:image\" content=\"https:\/\/help.buero-365.com\/wp-content\/uploads\/2024\/06\/Accessing-the-Content-Module-1.jpg\" \/>\n<meta name=\"twitter:card\" content=\"summary_large_image\" \/>\n<meta name=\"twitter:label1\" content=\"Gesch\u00e4tzte Lesezeit\" \/>\n\t<meta name=\"twitter:data1\" content=\"3\u00a0Minuten\" \/>\n<script type=\"application\/ld+json\" class=\"yoast-schema-graph\">{\"@context\":\"https:\\\/\\\/schema.org\",\"@graph\":[{\"@type\":\"WebPage\",\"@id\":\"https:\\\/\\\/help.buero-365.com\\\/mail-tracker-module\\\/\",\"url\":\"https:\\\/\\\/help.buero-365.com\\\/mail-tracker-module\\\/\",\"name\":\"Mail Tracker Module - Buero-365 Help Center\",\"isPartOf\":{\"@id\":\"https:\\\/\\\/help.buero-365.com\\\/#website\"},\"primaryImageOfPage\":{\"@id\":\"https:\\\/\\\/help.buero-365.com\\\/mail-tracker-module\\\/#primaryimage\"},\"image\":{\"@id\":\"https:\\\/\\\/help.buero-365.com\\\/mail-tracker-module\\\/#primaryimage\"},\"thumbnailUrl\":\"https:\\\/\\\/help.buero-365.com\\\/wp-content\\\/uploads\\\/2024\\\/06\\\/Accessing-the-Content-Module-1.jpg\",\"datePublished\":\"2024-05-17T12:36:38+00:00\",\"dateModified\":\"2024-06-10T12:34:25+00:00\",\"breadcrumb\":{\"@id\":\"https:\\\/\\\/help.buero-365.com\\\/mail-tracker-module\\\/#breadcrumb\"},\"inLanguage\":\"de-CH\",\"potentialAction\":[{\"@type\":\"ReadAction\",\"target\":[\"https:\\\/\\\/help.buero-365.com\\\/mail-tracker-module\\\/\"]}]},{\"@type\":\"ImageObject\",\"inLanguage\":\"de-CH\",\"@id\":\"https:\\\/\\\/help.buero-365.com\\\/mail-tracker-module\\\/#primaryimage\",\"url\":\"https:\\\/\\\/help.buero-365.com\\\/wp-content\\\/uploads\\\/2024\\\/06\\\/Accessing-the-Content-Module-1.jpg\",\"contentUrl\":\"https:\\\/\\\/help.buero-365.com\\\/wp-content\\\/uploads\\\/2024\\\/06\\\/Accessing-the-Content-Module-1.jpg\"},{\"@type\":\"BreadcrumbList\",\"@id\":\"https:\\\/\\\/help.buero-365.com\\\/mail-tracker-module\\\/#breadcrumb\",\"itemListElement\":[{\"@type\":\"ListItem\",\"position\":1,\"name\":\"Home\",\"item\":\"https:\\\/\\\/help.buero-365.com\\\/\"},{\"@type\":\"ListItem\",\"position\":2,\"name\":\"Mail Tracker Module\"}]},{\"@type\":\"WebSite\",\"@id\":\"https:\\\/\\\/help.buero-365.com\\\/#website\",\"url\":\"https:\\\/\\\/help.buero-365.com\\\/\",\"name\":\"Buero-365 Help Center\",\"description\":\"\",\"publisher\":{\"@id\":\"https:\\\/\\\/help.buero-365.com\\\/#organization\"},\"potentialAction\":[{\"@type\":\"SearchAction\",\"target\":{\"@type\":\"EntryPoint\",\"urlTemplate\":\"https:\\\/\\\/help.buero-365.com\\\/?s={search_term_string}\"},\"query-input\":{\"@type\":\"PropertyValueSpecification\",\"valueRequired\":true,\"valueName\":\"search_term_string\"}}],\"inLanguage\":\"de-CH\"},{\"@type\":\"Organization\",\"@id\":\"https:\\\/\\\/help.buero-365.com\\\/#organization\",\"name\":\"Buero-365 Help Center\",\"url\":\"https:\\\/\\\/help.buero-365.com\\\/\",\"logo\":{\"@type\":\"ImageObject\",\"inLanguage\":\"de-CH\",\"@id\":\"https:\\\/\\\/help.buero-365.com\\\/#\\\/schema\\\/logo\\\/image\\\/\",\"url\":\"https:\\\/\\\/help.buero-365.com\\\/wp-content\\\/uploads\\\/2024\\\/05\\\/cropped-logo-1.png\",\"contentUrl\":\"https:\\\/\\\/help.buero-365.com\\\/wp-content\\\/uploads\\\/2024\\\/05\\\/cropped-logo-1.png\",\"width\":1280,\"height\":395,\"caption\":\"Buero-365 Help Center\"},\"image\":{\"@id\":\"https:\\\/\\\/help.buero-365.com\\\/#\\\/schema\\\/logo\\\/image\\\/\"}}]}<\/script>\n<!-- \/ Yoast SEO plugin. -->","yoast_head_json":{"title":"Mail Tracker Modul - Buero-365 Hilfe-Center","robots":{"index":"noindex","follow":"follow"},"og_locale":"de_DE","og_type":"article","og_title":"Mail Tracker Module - Buero-365 Help Center","og_description":"Mail Tracker Module Mail Tracker Module Search Bar View Mail Function Accessing the Mail Tracker: To start using the Mail Tracker, click on the \u2018Mail Tracker\u2019 tab from the navigation menu. Viewing Email Status: The Mail Tracker displays a list of emails with the following details: ID, Recipient, Subject, send at, Viewed at, and Status. [&hellip;]","og_url":"https:\/\/help.buero-365.com\/de\/mail-tracker-modul\/","og_site_name":"Buero-365 Help Center","article_modified_time":"2024-06-10T12:34:25+00:00","og_image":[{"url":"https:\/\/help.buero-365.com\/wp-content\/uploads\/2024\/06\/Accessing-the-Content-Module-1.jpg","type":"","width":"","height":""}],"twitter_card":"summary_large_image","twitter_misc":{"Gesch\u00e4tzte Lesezeit":"3\u00a0Minuten"},"schema":{"@context":"https:\/\/schema.org","@graph":[{"@type":"WebPage","@id":"https:\/\/help.buero-365.com\/mail-tracker-module\/","url":"https:\/\/help.buero-365.com\/mail-tracker-module\/","name":"Mail Tracker Modul - Buero-365 Hilfe-Center","isPartOf":{"@id":"https:\/\/help.buero-365.com\/#website"},"primaryImageOfPage":{"@id":"https:\/\/help.buero-365.com\/mail-tracker-module\/#primaryimage"},"image":{"@id":"https:\/\/help.buero-365.com\/mail-tracker-module\/#primaryimage"},"thumbnailUrl":"https:\/\/help.buero-365.com\/wp-content\/uploads\/2024\/06\/Accessing-the-Content-Module-1.jpg","datePublished":"2024-05-17T12:36:38+00:00","dateModified":"2024-06-10T12:34:25+00:00","breadcrumb":{"@id":"https:\/\/help.buero-365.com\/mail-tracker-module\/#breadcrumb"},"inLanguage":"de-CH","potentialAction":[{"@type":"ReadAction","target":["https:\/\/help.buero-365.com\/mail-tracker-module\/"]}]},{"@type":"ImageObject","inLanguage":"de-CH","@id":"https:\/\/help.buero-365.com\/mail-tracker-module\/#primaryimage","url":"https:\/\/help.buero-365.com\/wp-content\/uploads\/2024\/06\/Accessing-the-Content-Module-1.jpg","contentUrl":"https:\/\/help.buero-365.com\/wp-content\/uploads\/2024\/06\/Accessing-the-Content-Module-1.jpg"},{"@type":"BreadcrumbList","@id":"https:\/\/help.buero-365.com\/mail-tracker-module\/#breadcrumb","itemListElement":[{"@type":"ListItem","position":1,"name":"Home","item":"https:\/\/help.buero-365.com\/"},{"@type":"ListItem","position":2,"name":"Mail Tracker Module"}]},{"@type":"WebSite","@id":"https:\/\/help.buero-365.com\/#website","url":"https:\/\/help.buero-365.com\/","name":"Buero-365 Hilfe-Center","description":"","publisher":{"@id":"https:\/\/help.buero-365.com\/#organization"},"potentialAction":[{"@type":"SearchAction","target":{"@type":"EntryPoint","urlTemplate":"https:\/\/help.buero-365.com\/?s={search_term_string}"},"query-input":{"@type":"PropertyValueSpecification","valueRequired":true,"valueName":"search_term_string"}}],"inLanguage":"de-CH"},{"@type":"Organization","@id":"https:\/\/help.buero-365.com\/#organization","name":"Buero-365 Hilfe-Center","url":"https:\/\/help.buero-365.com\/","logo":{"@type":"ImageObject","inLanguage":"de-CH","@id":"https:\/\/help.buero-365.com\/#\/schema\/logo\/image\/","url":"https:\/\/help.buero-365.com\/wp-content\/uploads\/2024\/05\/cropped-logo-1.png","contentUrl":"https:\/\/help.buero-365.com\/wp-content\/uploads\/2024\/05\/cropped-logo-1.png","width":1280,"height":395,"caption":"Buero-365 Help Center"},"image":{"@id":"https:\/\/help.buero-365.com\/#\/schema\/logo\/image\/"}}]}},"_links":{"self":[{"href":"https:\/\/help.buero-365.com\/de\/wp-json\/wp\/v2\/pages\/2896","targetHints":{"allow":["GET"]}}],"collection":[{"href":"https:\/\/help.buero-365.com\/de\/wp-json\/wp\/v2\/pages"}],"about":[{"href":"https:\/\/help.buero-365.com\/de\/wp-json\/wp\/v2\/types\/page"}],"author":[{"embeddable":true,"href":"https:\/\/help.buero-365.com\/de\/wp-json\/wp\/v2\/users\/2"}],"replies":[{"embeddable":true,"href":"https:\/\/help.buero-365.com\/de\/wp-json\/wp\/v2\/comments?post=2896"}],"version-history":[{"count":25,"href":"https:\/\/help.buero-365.com\/de\/wp-json\/wp\/v2\/pages\/2896\/revisions"}],"predecessor-version":[{"id":3733,"href":"https:\/\/help.buero-365.com\/de\/wp-json\/wp\/v2\/pages\/2896\/revisions\/3733"}],"wp:attachment":[{"href":"https:\/\/help.buero-365.com\/de\/wp-json\/wp\/v2\/media?parent=2896"}],"curies":[{"name":"wp","href":"https:\/\/api.w.org\/{rel}","templated":true}]}}